{"id":999,"date":"2021-06-01T10:27:32","date_gmt":"2021-06-01T08:27:32","guid":{"rendered":"http:\/\/www.llhm.lu\/?page_id=999"},"modified":"2025-05-23T13:48:51","modified_gmt":"2025-05-23T11:48:51","slug":"pole-traitement","status":"publish","type":"page","link":"http:\/\/www.llhm.lu\/?page_id=999","title":{"rendered":"P\u00f4le Traitement"},"content":{"rendered":"\n<div class=\"wp-block-group is-layout-flow wp-block-group-is-layout-flow\"><div class=\"wp-block-group__inner-container\">\n<p>Le p\u00f4le Traitement est un service extra-hospitalier offrant aux personnes adultes souffrant de troubles psychiques et de maladies psychiatriques une prise en charge holistique, ax\u00e9e sur le r\u00e9tablissement et le maintien de la sant\u00e9 mentale.<\/p>\n<\/div><\/div>\n\n\n\n<figure class=\"wp-block-image size-large\"><img loading=\"lazy\" decoding=\"async\" width=\"831\" height=\"1024\" src=\"http:\/\/www.llhm.lu\/wp-content\/uploads\/organigramme-pole-traitement-depliant-1-831x1024.jpg\" alt=\"\" class=\"wp-image-1576\" srcset=\"http:\/\/www.llhm.lu\/wp-content\/uploads\/organigramme-pole-traitement-depliant-1-831x1024.jpg 831w, http:\/\/www.llhm.lu\/wp-content\/uploads\/organigramme-pole-traitement-depliant-1-244x300.jpg 244w, http:\/\/www.llhm.lu\/wp-content\/uploads\/organigramme-pole-traitement-depliant-1-122x150.jpg 122w, http:\/\/www.llhm.lu\/wp-content\/uploads\/organigramme-pole-traitement-depliant-1-1247x1536.jpg 1247w, http:\/\/www.llhm.lu\/wp-content\/uploads\/organigramme-pole-traitement-depliant-1.jpg 1536w\" sizes=\"(max-width: 831px) 100vw, 831px\" \/><\/figure>\n\n\n\n<hr class=\"wp-block-separator has-css-opacity\"\/>\n\n\n\n<h4 class=\"wp-block-heading\"><strong>Ses missions sont :<\/strong><\/h4>\n\n\n<div class=\"wp-block-image\">\n<figure class=\"alignleft size-large is-resized\"><img loading=\"lazy\" decoding=\"async\" width=\"1003\" height=\"1024\" src=\"http:\/\/www.llhm.lu\/wp-content\/uploads\/Kompas-iStock-1035793386-1003x1024.jpg\" alt=\"\" class=\"wp-image-1004\" style=\"width:100px;height:102px\" srcset=\"http:\/\/www.llhm.lu\/wp-content\/uploads\/Kompas-iStock-1035793386-1003x1024.jpg 1003w, http:\/\/www.llhm.lu\/wp-content\/uploads\/Kompas-iStock-1035793386-294x300.jpg 294w, http:\/\/www.llhm.lu\/wp-content\/uploads\/Kompas-iStock-1035793386-147x150.jpg 147w, http:\/\/www.llhm.lu\/wp-content\/uploads\/Kompas-iStock-1035793386-1504x1536.jpg 1504w, http:\/\/www.llhm.lu\/wp-content\/uploads\/Kompas-iStock-1035793386.jpg 2004w\" sizes=\"(max-width: 1003px) 100vw, 1003px\" \/><\/figure><\/div>\n\n\n<ul>\n<li>Favoriser la sant\u00e9 mentale<\/li>\n\n\n\n<li>D\u00e9velopper l\u2019autonomie et l\u2019insertion<\/li>\n\n\n\n<li>Pr\u00e9venir les rechutes<\/li>\n\n\n\n<li>Diminuer les hospitalisations<\/li>\n<\/ul>\n\n\n\n<hr class=\"wp-block-separator has-css-opacity\"\/>\n\n\n\n<h4 class=\"wp-block-heading\"><strong>Nous proposons:<\/strong><\/h4>\n\n\n<div class=\"wp-block-image\">\n<figure class=\"alignright size-large is-resized\"><img loading=\"lazy\" decoding=\"async\" width=\"1024\" height=\"497\" src=\"http:\/\/www.llhm.lu\/wp-content\/uploads\/AIDE-iStock-875952560-modifi\u00e9-copie-1024x497.jpg\" alt=\"\" class=\"wp-image-1006\" style=\"width:402px;height:194px\" srcset=\"http:\/\/www.llhm.lu\/wp-content\/uploads\/AIDE-iStock-875952560-modifi\u00e9-copie-1024x497.jpg 1024w, http:\/\/www.llhm.lu\/wp-content\/uploads\/AIDE-iStock-875952560-modifi\u00e9-copie-300x146.jpg 300w, http:\/\/www.llhm.lu\/wp-content\/uploads\/AIDE-iStock-875952560-modifi\u00e9-copie-150x73.jpg 150w, http:\/\/www.llhm.lu\/wp-content\/uploads\/AIDE-iStock-875952560-modifi\u00e9-copie-1536x745.jpg 1536w, http:\/\/www.llhm.lu\/wp-content\/uploads\/AIDE-iStock-875952560-modifi\u00e9-copie-2048x994.jpg 2048w\" sizes=\"(max-width: 1024px) 100vw, 1024px\" \/><\/figure><\/div>\n\n\n<ul>\n<li>Accessibilit\u00e9 au plus grand nombre ind\u00e9pendamment des ressources<\/li>\n\n\n\n<li>Prise en charge globale des troubles psychiques<\/li>\n\n\n\n<li>Traitements et soins adapt\u00e9s \u00e0 vos difficult\u00e9s<\/li>\n\n\n\n<li>\u00c9quipe pluridisciplinaire<\/li>\n\n\n\n<li>Approche multi-culturelle<\/li>\n\n\n\n<li>Consultations individuelles ou en groupe<\/li>\n\n\n\n<li>Possibilit\u00e9 de consultation avec interpr\u00e8te<\/li>\n<\/ul>\n","protected":false},"excerpt":{"rendered":"<p>Le p\u00f4le Traitement est un service extra-hospitalier offrant aux personnes adultes souffrant de troubles psychiques et de maladies psychiatriques une prise en charge holistique, ax\u00e9e sur le r\u00e9tablissement et le maintien de la sant\u00e9 mentale. Ses missions sont : Nous proposons:<\/p>\n","protected":false},"author":1,"featured_media":0,"parent":0,"menu_order":0,"comment_status":"closed","ping_status":"closed","template":"","meta":{"footnotes":""},"_links":{"self":[{"href":"http:\/\/www.llhm.lu\/index.php?rest_route=\/wp\/v2\/pages\/999"}],"collection":[{"href":"http:\/\/www.llhm.lu\/index.php?rest_route=\/wp\/v2\/pages"}],"about":[{"href":"http:\/\/www.llhm.lu\/index.php?rest_route=\/wp\/v2\/types\/page"}],"author":[{"embeddable":true,"href":"http:\/\/www.llhm.lu\/index.php?rest_route=\/wp\/v2\/users\/1"}],"replies":[{"embeddable":true,"href":"http:\/\/www.llhm.lu\/index.php?rest_route=%2Fwp%2Fv2%2Fcomments&post=999"}],"version-history":[{"count":9,"href":"http:\/\/www.llhm.lu\/index.php?rest_route=\/wp\/v2\/pages\/999\/revisions"}],"predecessor-version":[{"id":1577,"href":"http:\/\/www.llhm.lu\/index.php?rest_route=\/wp\/v2\/pages\/999\/revisions\/1577"}],"wp:attachment":[{"href":"http:\/\/www.llhm.lu\/index.php?rest_route=%2Fwp%2Fv2%2Fmedia&parent=999"}],"curies":[{"name":"wp","href":"https:\/\/api.w.org\/{rel}","templated":true}]}}