{"id":767,"date":"2021-06-01T12:38:56","date_gmt":"2021-06-01T10:38:56","guid":{"rendered":"http:\/\/www.llhm.lu\/?page_id=767"},"modified":"2025-10-20T10:24:05","modified_gmt":"2025-10-20T08:24:05","slug":"jobs","status":"publish","type":"page","link":"http:\/\/www.llhm.lu\/?page_id=767","title":{"rendered":"Jobs"},"content":{"rendered":"\n<p>La Ligue, institution dynamique, recrute r\u00e9guli\u00e8rement. Dans son cadre de travail interdisciplinaire, elle offre un environnement de travail stimulant et respectant la convention collective CCT-SAS. La Ligue est aussi formatrice et offre r\u00e9guli\u00e8rement la possibilit\u00e9 \u00e0 des stagiaires d\u2019accroitre leurs comp\u00e9tences au sein de ses services. Si vous \u00eates \u00e9tudiant\/e et \u00e0 la recherche d\u2019un lieu de stage enrichissant, veuillez nous contacter par mail pour de plus amples informations. <\/p>\n\n\n\n<h4 class=\"wp-block-heading\"><strong>Veuillez retrouver nos offres d\u2019emploi ci-dessous<\/strong>.<\/h4>\n\n\n\n<iframe \n  src=\"https:\/\/app.skeeled.com\/board\/67d43c8f6ef55a55aef4ccda\" \n  width=\"100%\" \n  height=\"1100\" \n  style=\"border:none; overflow:hidden;\" \n  allowfullscreen \n  loading=\"lazy\">\n<\/iframe>\n","protected":false},"excerpt":{"rendered":"<p>La Ligue, institution dynamique, recrute r\u00e9guli\u00e8rement. Dans son cadre de travail interdisciplinaire, elle offre un environnement de travail stimulant et respectant la convention collective CCT-SAS. La Ligue est aussi formatrice et offre r\u00e9guli\u00e8rement la possibilit\u00e9 \u00e0 des stagiaires d\u2019accroitre leurs comp\u00e9tences au sein de ses services. Si vous \u00eates \u00e9tudiant\/e et \u00e0 la recherche d\u2019un <a href=\"http:\/\/www.llhm.lu\/?page_id=767\" rel=\"nofollow\"><span class=\"sr-only\">Read more about Jobs<\/span>[&hellip;]<\/a><\/p>\n","protected":false},"author":1,"featured_media":0,"parent":0,"menu_order":0,"comment_status":"closed","ping_status":"closed","template":"","meta":{"footnotes":""},"_links":{"self":[{"href":"http:\/\/www.llhm.lu\/index.php?rest_route=\/wp\/v2\/pages\/767"}],"collection":[{"href":"http:\/\/www.llhm.lu\/index.php?rest_route=\/wp\/v2\/pages"}],"about":[{"href":"http:\/\/www.llhm.lu\/index.php?rest_route=\/wp\/v2\/types\/page"}],"author":[{"embeddable":true,"href":"http:\/\/www.llhm.lu\/index.php?rest_route=\/wp\/v2\/users\/1"}],"replies":[{"embeddable":true,"href":"http:\/\/www.llhm.lu\/index.php?rest_route=%2Fwp%2Fv2%2Fcomments&post=767"}],"version-history":[{"count":32,"href":"http:\/\/www.llhm.lu\/index.php?rest_route=\/wp\/v2\/pages\/767\/revisions"}],"predecessor-version":[{"id":1597,"href":"http:\/\/www.llhm.lu\/index.php?rest_route=\/wp\/v2\/pages\/767\/revisions\/1597"}],"wp:attachment":[{"href":"http:\/\/www.llhm.lu\/index.php?rest_route=%2Fwp%2Fv2%2Fmedia&parent=767"}],"curies":[{"name":"wp","href":"https:\/\/api.w.org\/{rel}","templated":true}]}}