{"id":176,"date":"2016-06-01T14:42:03","date_gmt":"2016-06-01T12:42:03","guid":{"rendered":"http:\/\/www.llhm.lu\/?page_id=176"},"modified":"2025-06-18T15:05:26","modified_gmt":"2025-06-18T13:05:26","slug":"prevention-et-formation","status":"publish","type":"page","link":"http:\/\/www.llhm.lu\/?page_id=176","title":{"rendered":"Pr\u00e9vention &#038; Formation"},"content":{"rendered":"\n<figure class=\"wp-block-image size-large is-resized\"><img loading=\"lazy\" decoding=\"async\" width=\"992\" height=\"1024\" src=\"http:\/\/www.llhm.lu\/wp-content\/uploads\/organigramme-pole-SIP-992x1024.png\" alt=\"\" class=\"wp-image-1051\" style=\"width:611px;height:631px\" srcset=\"http:\/\/www.llhm.lu\/wp-content\/uploads\/organigramme-pole-SIP-992x1024.png 992w, http:\/\/www.llhm.lu\/wp-content\/uploads\/organigramme-pole-SIP-291x300.png 291w, http:\/\/www.llhm.lu\/wp-content\/uploads\/organigramme-pole-SIP-145x150.png 145w, http:\/\/www.llhm.lu\/wp-content\/uploads\/organigramme-pole-SIP-1488x1536.png 1488w, http:\/\/www.llhm.lu\/wp-content\/uploads\/organigramme-pole-SIP-1984x2048.png 1984w\" sizes=\"(max-width: 992px) 100vw, 992px\" \/><\/figure>\n\n\n\n<p>La mission du Service Pr\u00e9vention &amp; Formation est la lutte contre la stigmatisation des maladies mentales, en informant et en sensibilisant la population sur les maladies, leurs traitements et l\u2019organisation des soins au Luxembourg.<\/p>\n\n\n\n<p><strong>Outils<\/strong><\/p>\n\n\n\n<ul>\n<li>l\u2019information et l\u2019orientation<\/li>\n\n\n\n<li>la communication dans les m\u00e9dias<\/li>\n\n\n\n<li>la formation en sant\u00e9 mentale<\/li>\n\n\n\n<li>le soutien aux proches<\/li>\n\n\n\n<li>la favorisation des collaborations entre les\nstructures d\u2019aide<\/li>\n\n\n\n<li>le d\u00e9veloppement d\u2019actions de pr\u00e9vention innovatrices<\/li>\n<\/ul>\n\n\n\n<p><strong>Public vis\u00e9<\/strong><\/p>\n\n\n\n<p>Nos actions s\u2019adressent aussi bien aux personnes concern\u00e9es (patients, entourage, famille), qu\u2019aux professionnels de sant\u00e9 mentale, aux \u00e9lus, aux journalistes, aux \u00e9coles, aux entreprises, etc.<\/p>\n\n\n\n<hr class=\"wp-block-separator has-css-opacity\"\/>\n\n\n\n<h3 class=\"wp-block-heading\"><strong>Sites internet et r\u00e9seaux sociaux <\/strong><\/h3>\n\n\n\n<h4 class=\"wp-block-heading\"><a href=\"https:\/\/www.prevention-psy.lu\">www.prevention-psy.lu<\/a><\/h4>\n\n\n\n<h4 class=\"wp-block-heading\"><a href=\"http:\/\/www.prevention-suicide.lu\">www.prevention-suicide.lu<\/a><\/h4>\n\n\n\n<h4 class=\"wp-block-heading\"><a href=\"http:\/\/www.prevention-depression.lu\">www.prevention-depression.lu<\/a><\/h4>\n\n\n\n<h4 class=\"wp-block-heading\"><a href=\"http:\/\/www.prevention-panique.lu\">www.prevention-panique.lu<\/a><\/h4>\n\n\n\n<h4 class=\"wp-block-heading\"><a href=\"https:\/\/www.prevention-schizophrenie.lu\/\">www.prevention-schizophrenie.lu<\/a> <\/h4>\n\n\n\n<hr class=\"wp-block-separator has-css-opacity\"\/>\n\n\n\n<h3 class=\"wp-block-heading\"><strong>Formations<\/strong><\/h3>\n\n\n<div class=\"wp-block-image\">\n<figure class=\"alignright size-large is-resized\"><img loading=\"lazy\" decoding=\"async\" width=\"1024\" height=\"683\" src=\"http:\/\/www.llhm.lu\/wp-content\/uploads\/iStock-1002018094-1024x683.jpg\" alt=\"\" class=\"wp-image-1052\" style=\"width:467px;height:311px\" srcset=\"http:\/\/www.llhm.lu\/wp-content\/uploads\/iStock-1002018094-1024x683.jpg 1024w, http:\/\/www.llhm.lu\/wp-content\/uploads\/iStock-1002018094-300x200.jpg 300w, http:\/\/www.llhm.lu\/wp-content\/uploads\/iStock-1002018094-150x100.jpg 150w, http:\/\/www.llhm.lu\/wp-content\/uploads\/iStock-1002018094-1536x1024.jpg 1536w, http:\/\/www.llhm.lu\/wp-content\/uploads\/iStock-1002018094-2048x1365.jpg 2048w, http:\/\/www.llhm.lu\/wp-content\/uploads\/iStock-1002018094-750x500.jpg 750w\" sizes=\"(max-width: 1024px) 100vw, 1024px\" \/><\/figure><\/div>\n\n\n<p>La plupart de nos formations s\u2019adressent aux professionnels\ndu secteur social et m\u00e9dico-psychosocial souhaitant approfondir leurs\nconnaissances sur les troubles psychiques. Nos formations se d\u00e9roulent sur deux\njours d\u2019affil\u00e9e et sont propos\u00e9es en fran\u00e7ais et luxembourgeois.<\/p>\n\n\n\n<p><strong>Formation au rep\u00e9rage de la crise suicidaire<\/strong><\/p>\n\n\n\n<p>L\u2019objectif est de rendre attentif aux signaux d\u2019alerte\nsuicidaire, de reconna\u00eetre une personne en crise suicidaire et de savoir\ncomment r\u00e9agir. Souvent compar\u00e9e \u00e0 l\u2019apprentissage des gestes de premiers\nsecours appliqu\u00e9s aux personnes en d\u00e9tresse psychique, elle s\u2019adresse \u00e0 tout\npublic.<\/p>\n\n\n\n<p><strong>La\nd\u00e9pression : comprendre, agir, pr\u00e9venir<\/strong><\/p>\n\n\n\n<p>Qu\u2019est-ce qu\u2019une d\u00e9pression ? Comment soutenir une personne traversant une d\u00e9pression? \u00c0 partir de quand peut-on parler d\u2019une d\u00e9pression ? La formation aborde la pr\u00e9valence, l\u2019\u00e9tiologie et le diagnostic de la d\u00e9pression, ainsi que les pistes d\u2019intervention.<\/p>\n\n\n\n<p><strong>Premiers secours en sant\u00e9 mentale&nbsp;<\/strong><\/p>\n\n\n\n<p>En participant aux cours de premiers secours en sant\u00e9 mentale, vous deviendrez SECOURISTE en sant\u00e9 mentale. Comparable aux cours de premiers secours classiques, vous apprenez ainsi comment r\u00e9agir pour aider par exemple un proche ou un coll\u00e8gue en cas de besoin<\/p>\n\n\n<div class=\"wp-block-image\">\n<figure class=\"alignright size-large is-resized\"><img loading=\"lazy\" decoding=\"async\" width=\"1024\" height=\"683\" src=\"http:\/\/www.llhm.lu\/wp-content\/uploads\/iStock-498565457-1024x683.jpg\" alt=\"\" class=\"wp-image-1054\" style=\"width:466px;height:310px\" srcset=\"http:\/\/www.llhm.lu\/wp-content\/uploads\/iStock-498565457-1024x683.jpg 1024w, http:\/\/www.llhm.lu\/wp-content\/uploads\/iStock-498565457-300x200.jpg 300w, http:\/\/www.llhm.lu\/wp-content\/uploads\/iStock-498565457-150x100.jpg 150w, http:\/\/www.llhm.lu\/wp-content\/uploads\/iStock-498565457-1536x1024.jpg 1536w, http:\/\/www.llhm.lu\/wp-content\/uploads\/iStock-498565457-2048x1365.jpg 2048w, http:\/\/www.llhm.lu\/wp-content\/uploads\/iStock-498565457-750x500.jpg 750w\" sizes=\"(max-width: 1024px) 100vw, 1024px\" \/><\/figure><\/div>\n\n\n<p><strong>Les\ntroubles anxieux : comprendre, agir, pr\u00e9venir<\/strong><\/p>\n\n\n\n<p>Pourquoi avons-nous peur ? \u00c0 partir de quand peut-on parler\nd\u2019un trouble anxieux ? La formation aborde la pr\u00e9valence, l\u2019\u00e9tiologie et le\ndiagnostic des troubles anxieux, ainsi que les pistes d\u2019intervention.<\/p>\n\n\n\n<p><strong>Le trouble\nde stress post-traumatique : comprendre, agir, pr\u00e9venir<\/strong><\/p>\n\n\n\n<p>Qu\u2019est-ce qu\u2019un traumatisme psychologique ? \u00c0 partir de quand\npeut-on parler d\u2019un trouble de stress post-traumatique ? La formation aborde\nces questions et bien d\u2019autres.<\/p>\n\n\n\n<p><strong>Prendre soin de soi pour mieux aider les autres<\/strong><\/p>\n\n\n\n<p>La formation a pour objectif de mieux comprendre et de pr\u00e9venir l\u2019\u00e9puisement professionnel dans le secteur social et m\u00e9dico-psychosocial<\/p>\n\n\n\n<p>Pour s&#8217;inscrire: <a href=\"https:\/\/www.prevention-psy.lu\/formation\/\">https:\/\/www.prevention-psy.lu\/formation\/<\/a><\/p>\n\n\n\n<hr class=\"wp-block-separator has-css-opacity\"\/>\n\n\n\n<h3 class=\"wp-block-heading\"><strong>Conf\u00e9rences &amp; ateliers<\/strong><\/h3>\n\n\n<div class=\"wp-block-image\">\n<figure class=\"alignright size-large is-resized\"><img loading=\"lazy\" decoding=\"async\" width=\"1024\" height=\"683\" src=\"http:\/\/www.llhm.lu\/wp-content\/uploads\/iStock-954610134-1024x683.jpg\" alt=\"\" class=\"wp-image-1053\" style=\"width:414px;height:275px\" srcset=\"http:\/\/www.llhm.lu\/wp-content\/uploads\/iStock-954610134-1024x683.jpg 1024w, http:\/\/www.llhm.lu\/wp-content\/uploads\/iStock-954610134-300x200.jpg 300w, http:\/\/www.llhm.lu\/wp-content\/uploads\/iStock-954610134-150x100.jpg 150w, http:\/\/www.llhm.lu\/wp-content\/uploads\/iStock-954610134-1536x1024.jpg 1536w, http:\/\/www.llhm.lu\/wp-content\/uploads\/iStock-954610134-2048x1365.jpg 2048w, http:\/\/www.llhm.lu\/wp-content\/uploads\/iStock-954610134-750x500.jpg 750w\" sizes=\"(max-width: 1024px) 100vw, 1024px\" \/><\/figure><\/div>\n\n\n<p>Nous pouvons intervenir sur demande dans le contexte\nprofessionnel, scolaire, r\u00e9cr\u00e9atif etc&#8230;, en journ\u00e9e ou en soir\u00e9e, sous forme\nde conf\u00e9rence ou d\u2019atelier de discussion.<\/p>\n\n\n\n<p><strong>Les\nth\u00e9matiques<\/strong><\/p>\n\n\n\n<ul>\n<li>Les\ntroubles psychiques : comprendre pour mieux pr\u00e9venir ! <\/li>\n\n\n\n<li>La\nd\u00e9pression<\/li>\n\n\n\n<li>Les\ntroubles anxieux<\/li>\n\n\n\n<li>Le trouble\nde stress post-traumatique<\/li>\n\n\n\n<li>Les\naddictions \u00e0 l\u2019alcool ou aux m\u00e9dicaments<\/li>\n\n\n\n<li>Le suicide\nen milieu professionnel ou scolaire<\/li>\n\n\n\n<li>Le stress :\ncomprendre pour mieux pr\u00e9venir !<\/li>\n\n\n\n<li>La\nr\u00e9int\u00e9gration en entreprise d\u2019un salari\u00e9 apr\u00e8s un arr\u00eat de maladie prolong\u00e9<\/li>\n<\/ul>\n\n\n\n<p>Sur demande, d\u2019autres th\u00e9matiques en sant\u00e9 mentale peuvent\n\u00eatre \u00e9labor\u00e9es et propos\u00e9es.<\/p>\n\n\n\n<hr class=\"wp-block-separator has-css-opacity\"\/>\n\n\n\n<h3 class=\"wp-block-heading\"><strong>Mat\u00e9riel didactique<\/strong><\/h3>\n\n\n\n<p>Nos brochures de sensibilisation peuvent \u00eatre command\u00e9es\ngratuitement sur simple demande aupr\u00e8s du secr\u00e9tariat du P\u00f4le Information et\nPr\u00e9vention. <\/p>\n\n\n<div class=\"wp-block-image\">\n<figure class=\"alignleft size-large is-resized\"><img loading=\"lazy\" decoding=\"async\" width=\"847\" height=\"1024\" src=\"http:\/\/www.llhm.lu\/wp-content\/uploads\/d\u00e9pliants-CIP-2-847x1024.jpg\" alt=\"\" class=\"wp-image-1056\" style=\"width:121px;height:146px\" srcset=\"http:\/\/www.llhm.lu\/wp-content\/uploads\/d\u00e9pliants-CIP-2-847x1024.jpg 847w, http:\/\/www.llhm.lu\/wp-content\/uploads\/d\u00e9pliants-CIP-2-248x300.jpg 248w, http:\/\/www.llhm.lu\/wp-content\/uploads\/d\u00e9pliants-CIP-2-124x150.jpg 124w, http:\/\/www.llhm.lu\/wp-content\/uploads\/d\u00e9pliants-CIP-2-1271x1536.jpg 1271w, http:\/\/www.llhm.lu\/wp-content\/uploads\/d\u00e9pliants-CIP-2-1694x2048.jpg 1694w\" sizes=\"(max-width: 847px) 100vw, 847px\" \/><\/figure><\/div>\n\n\n<ul>\n<li>La\npr\u00e9vention du suicide est l\u2019affaire de nous tous (FR &amp; DE)<\/li>\n\n\n\n<li>Pr\u00e9vention\ndu stress en milieu professionnel (FR &amp; DE)<\/li>\n\n\n\n<li>Informations\nrelatives au traumatisme et \u00e0 ses cons\u00e9quences potentielles (FR &amp; DE)<\/li>\n\n\n\n<li>La\nd\u00e9pression : Parlons-en (FR, DE, EN, PT)<\/li>\n\n\n\n<li>L\u2019anxi\u00e9t\u00e9 :\nParlons-en (FR, DE, LU, EN, PT)<\/li>\n\n\n\n<li>Et si j\u2019en\nparlais \u00e0 un psy ? Mieux conna\u00eetre pour mieux choisir (FR, DE, LU, EN, PT)<\/li>\n<\/ul>\n\n\n\n<h4 class=\"wp-block-heading\"><strong>Nos guides\nde postvention suicidaire<\/strong><\/h4>\n\n\n<div class=\"wp-block-image\">\n<figure class=\"alignleft size-large is-resized\"><img loading=\"lazy\" decoding=\"async\" width=\"852\" height=\"1024\" src=\"http:\/\/www.llhm.lu\/wp-content\/uploads\/guide-suicide-852x1024.png\" alt=\"\" class=\"wp-image-1055\" style=\"width:103px;height:123px\" srcset=\"http:\/\/www.llhm.lu\/wp-content\/uploads\/guide-suicide-852x1024.png 852w, http:\/\/www.llhm.lu\/wp-content\/uploads\/guide-suicide-250x300.png 250w, http:\/\/www.llhm.lu\/wp-content\/uploads\/guide-suicide-125x150.png 125w, http:\/\/www.llhm.lu\/wp-content\/uploads\/guide-suicide-1279x1536.png 1279w, http:\/\/www.llhm.lu\/wp-content\/uploads\/guide-suicide-1705x2048.png 1705w\" sizes=\"(max-width: 852px) 100vw, 852px\" \/><\/figure><\/div>\n\n\n<ul>\n<li>Guide\npratique de postvention \u00e0 l\u2019attention des \u00e9tablissements scolaires et des\ninternats<\/li>\n\n\n\n<li>Leitfaden \u2013\n\u00dcberbringen einer Todesnachricht nach einem unerwarteten Todesfall\n(wahrscheinlicher Suizid)<\/li>\n\n\n\n<li>Apr\u00e8s un\nsuicide : Informations et soutien pour les proches<\/li>\n<\/ul>\n\n\n\n<h4 class=\"wp-block-heading\"><strong>Exposition\nitin\u00e9rante sur la sant\u00e9 mentale<\/strong><\/h4>\n\n\n\n<p>22 panneaux de 85cm x 200cm, faciles \u00e0 monter (FR, DE, EN)\nqui contiennent :<\/p>\n\n\n\n<ul>\n<li>des\nexplications sur la sant\u00e9 mentale au quotidien, avec des informations claires\net compr\u00e9hensibles sur certains troubles mentaux (troubles anxieux, d\u00e9pendance,\nd\u00e9pression, troubles obsessionnel compulsif et les schizophr\u00e9nies)<\/li>\n\n\n\n<li>des\nt\u00e9moignages de personnes concern\u00e9es pour illustrer les explications th\u00e9oriques<\/li>\n<\/ul>\n\n\n\n<p>L\u2019exposition peut \u00eatre mise \u00e0 votre disposition<\/p>\n\n\n\n<ul>\n<li>gratuitement<\/li>\n\n\n\n<li>dans son\nenti\u00e8ret\u00e9 ou en partie et par th\u00e9matique <\/li>\n\n\n\n<li>selon\ndisponibilit\u00e9<\/li>\n<\/ul>\n\n\n\n<p>Pour s&#8217;informer: <a href=\"https:\/\/www.prevention-psy.lu\/information\/\">https:\/\/www.prevention-psy.lu\/information\/<\/a><\/p>\n\n\n\n<figure class=\"wp-block-image size-large\"><img loading=\"lazy\" decoding=\"async\" width=\"1024\" height=\"546\" src=\"http:\/\/www.llhm.lu\/wp-content\/uploads\/donations-1024x546.jpg\" alt=\"\" class=\"wp-image-1057\" srcset=\"http:\/\/www.llhm.lu\/wp-content\/uploads\/donations-1024x546.jpg 1024w, http:\/\/www.llhm.lu\/wp-content\/uploads\/donations-300x160.jpg 300w, http:\/\/www.llhm.lu\/wp-content\/uploads\/donations-150x80.jpg 150w, http:\/\/www.llhm.lu\/wp-content\/uploads\/donations-1536x819.jpg 1536w, http:\/\/www.llhm.lu\/wp-content\/uploads\/donations-2048x1092.jpg 2048w\" sizes=\"(max-width: 1024px) 100vw, 1024px\" \/><\/figure>\n\n\n\n<p>Vous pouvez contacter le Service et Pr\u00e9vention et Formation au <a href=\"tel:+352455533\">45 55 33<\/a><\/p>\n\n\n\n<p><strong>Service Pr\u00e9vention et Formation de la Ligue<\/strong><br>1, Dernier Sol L-2543 Luxembourg<br><a href=\"mailto:info@prevention.lu\"> info@prevention.lu <\/a><\/p>\n","protected":false},"excerpt":{"rendered":"<p>La mission du Service Pr\u00e9vention &amp; Formation est la lutte contre la stigmatisation des maladies mentales, en informant et en sensibilisant la population sur les maladies, leurs traitements et l\u2019organisation des soins au Luxembourg. Outils Public vis\u00e9 Nos actions s\u2019adressent aussi bien aux personnes concern\u00e9es (patients, entourage, famille), qu\u2019aux professionnels de sant\u00e9 mentale, aux \u00e9lus, <a href=\"http:\/\/www.llhm.lu\/?page_id=176\" rel=\"nofollow\"><span class=\"sr-only\">Read more about Pr\u00e9vention &#038; Formation<\/span>[&hellip;]<\/a><\/p>\n","protected":false},"author":1,"featured_media":0,"parent":0,"menu_order":0,"comment_status":"closed","ping_status":"closed","template":"template-fullwidth.php","meta":{"footnotes":""},"_links":{"self":[{"href":"http:\/\/www.llhm.lu\/index.php?rest_route=\/wp\/v2\/pages\/176"}],"collection":[{"href":"http:\/\/www.llhm.lu\/index.php?rest_route=\/wp\/v2\/pages"}],"about":[{"href":"http:\/\/www.llhm.lu\/index.php?rest_route=\/wp\/v2\/types\/page"}],"author":[{"embeddable":true,"href":"http:\/\/www.llhm.lu\/index.php?rest_route=\/wp\/v2\/users\/1"}],"replies":[{"embeddable":true,"href":"http:\/\/www.llhm.lu\/index.php?rest_route=%2Fwp%2Fv2%2Fcomments&post=176"}],"version-history":[{"count":22,"href":"http:\/\/www.llhm.lu\/index.php?rest_route=\/wp\/v2\/pages\/176\/revisions"}],"predecessor-version":[{"id":1587,"href":"http:\/\/www.llhm.lu\/index.php?rest_route=\/wp\/v2\/pages\/176\/revisions\/1587"}],"wp:attachment":[{"href":"http:\/\/www.llhm.lu\/index.php?rest_route=%2Fwp%2Fv2%2Fmedia&parent=176"}],"curies":[{"name":"wp","href":"https:\/\/api.w.org\/{rel}","templated":true}]}}