{"id":173,"date":"2016-06-01T14:47:12","date_gmt":"2016-06-01T12:47:12","guid":{"rendered":"http:\/\/www.llhm.lu\/?page_id=173"},"modified":"2025-03-17T17:19:54","modified_gmt":"2025-03-17T16:19:54","slug":"logements-therapeutiques","status":"publish","type":"page","link":"http:\/\/www.llhm.lu\/?page_id=173","title":{"rendered":"Services Logement"},"content":{"rendered":"<div class=\"wp-block-image\">\n<figure class=\"alignright size-large is-resized\"><img loading=\"lazy\" decoding=\"async\" width=\"1024\" height=\"795\" src=\"http:\/\/www.llhm.lu\/wp-content\/uploads\/iStock-598083504-Converti-copie-1024x795.jpg\" alt=\"\" class=\"wp-image-989\" style=\"width:376px;height:292px\" srcset=\"http:\/\/www.llhm.lu\/wp-content\/uploads\/iStock-598083504-Converti-copie-1024x795.jpg 1024w, http:\/\/www.llhm.lu\/wp-content\/uploads\/iStock-598083504-Converti-copie-300x233.jpg 300w, http:\/\/www.llhm.lu\/wp-content\/uploads\/iStock-598083504-Converti-copie-150x116.jpg 150w, http:\/\/www.llhm.lu\/wp-content\/uploads\/iStock-598083504-Converti-copie.jpg 1291w\" sizes=\"(max-width: 1024px) 100vw, 1024px\" \/><\/figure><\/div>\n\n\n<p> Le service logement de la Ligue propose \u00e0 des personnes qui souffrent d\u2019un trouble psychique l\u2019accompagnement d\u2019une \u00e9quipe soignante \u00e0 domicile. <\/p>\n\n\n\n<p>Guider la personne dans la gestion des activit\u00e9s quotidiennes, soutenir la construction et le maintien d\u2019un projet de vie autonome, favoriser les apprentissages, toutes ces actions contribuent \u00e0 pr\u00e9venir les rechutes de la maladie, diminuer le nombre d\u2019hospitalisation, am\u00e9liorer la qualit\u00e9 de vie et favoriser l\u2019inclusion citoyenne des usagers. <\/p>\n\n\n\n<p><strong>Pour qui ? <\/strong><\/p>\n\n\n\n<p>Toute personne adulte qui pr\u00e9sente un trouble psychiatrique et qui:<\/p>\n\n\n\n<ul>\n<li>est pr\u00eate \u00e0 s\u2019engager dans un processus th\u00e9rapeutique\n\u00e0 moyen terme<\/li>\n\n\n\n<li>est en suivi r\u00e9gulier chez un psychiatre<\/li>\n\n\n\n<li>dispose de moyens financiers suffisants pour payer le\nloyer et subvenir \u00e0 ses besoins<\/li>\n<\/ul>\n\n\n\n<hr class=\"wp-block-separator has-css-opacity\"\/>\n\n\n\n<h3 class=\"wp-block-heading\"><strong>Services offerts<\/strong><\/h3>\n\n\n\n<hr class=\"wp-block-separator has-css-opacity\"\/>\n\n\n\n<h4 class=\"wp-block-heading\"><strong>Suivis en logement individuel<\/strong><\/h4>\n\n\n<div class=\"wp-block-image\">\n<figure class=\"alignleft size-large is-resized\"><img loading=\"lazy\" decoding=\"async\" width=\"1024\" height=\"830\" src=\"http:\/\/www.llhm.lu\/wp-content\/uploads\/IMGP0476-scaled-e1622535309373-1024x830.jpg\" alt=\"\" class=\"wp-image-990\" style=\"width:108px;height:87px\" srcset=\"http:\/\/www.llhm.lu\/wp-content\/uploads\/IMGP0476-scaled-e1622535309373-1024x830.jpg 1024w, http:\/\/www.llhm.lu\/wp-content\/uploads\/IMGP0476-scaled-e1622535309373-300x243.jpg 300w, http:\/\/www.llhm.lu\/wp-content\/uploads\/IMGP0476-scaled-e1622535309373-150x122.jpg 150w, http:\/\/www.llhm.lu\/wp-content\/uploads\/IMGP0476-scaled-e1622535309373-1536x1244.jpg 1536w, http:\/\/www.llhm.lu\/wp-content\/uploads\/IMGP0476-scaled-e1622535309373.jpg 1817w\" sizes=\"(max-width: 1024px) 100vw, 1024px\" \/><\/figure><\/div>\n\n\n<p>Les r\u00e9sidents occupent des studios individuels de l\u2019asbl. Ils b\u00e9n\u00e9ficient d\u2019un programme th\u00e9rapeutique structur\u00e9 tout au long de la semaine et\/ou d\u2019accompagnements personnalis\u00e9s. Ce type de suivis vise \u00e0 acqu\u00e9rir des comp\u00e9tences manquantes pour pouvoir vivre un jour dans son propre logement priv\u00e9.<\/p>\n\n\n\n<hr class=\"wp-block-separator has-css-opacity\"\/>\n\n\n\n<h4 class=\"wp-block-heading\"><strong>Suivis en logement communautaire<\/strong><\/h4>\n\n\n<div class=\"wp-block-image\">\n<figure class=\"alignleft size-large is-resized\"><img loading=\"lazy\" decoding=\"async\" width=\"640\" height=\"376\" src=\"http:\/\/www.llhm.lu\/wp-content\/uploads\/Foyer-100-_-1.jpg\" alt=\"\" class=\"wp-image-991\" style=\"width:108px;height:62px\" srcset=\"http:\/\/www.llhm.lu\/wp-content\/uploads\/Foyer-100-_-1.jpg 640w, http:\/\/www.llhm.lu\/wp-content\/uploads\/Foyer-100-_-1-300x176.jpg 300w, http:\/\/www.llhm.lu\/wp-content\/uploads\/Foyer-100-_-1-150x88.jpg 150w\" sizes=\"(max-width: 640px) 100vw, 640px\" \/><\/figure><\/div>\n\n\n<p>Ils s\u2019adressent particuli\u00e8rement \u00e0 des personnes qui souffrent d\u2019isolement et peuvent b\u00e9n\u00e9ficier favorablement de la pr\u00e9sence d\u2019autrui. Des espaces communs et conviviaux se veulent des lieux d\u2019apprentissage en mati\u00e8re de comp\u00e9tences sociales et civiques.<\/p>\n\n\n\n<hr class=\"wp-block-separator has-css-opacity\"\/>\n\n\n\n<h4 class=\"wp-block-heading\"><strong>Suivis en logement priv\u00e9<\/strong><\/h4>\n\n\n<div class=\"wp-block-image\">\n<figure class=\"alignleft size-large is-resized\"><img loading=\"lazy\" decoding=\"async\" width=\"1024\" height=\"684\" src=\"http:\/\/www.llhm.lu\/wp-content\/uploads\/iStock-842723334-1024x684.jpg\" alt=\"\" class=\"wp-image-992\" style=\"width:96px;height:63px\" srcset=\"http:\/\/www.llhm.lu\/wp-content\/uploads\/iStock-842723334-1024x684.jpg 1024w, http:\/\/www.llhm.lu\/wp-content\/uploads\/iStock-842723334-300x200.jpg 300w, http:\/\/www.llhm.lu\/wp-content\/uploads\/iStock-842723334-150x100.jpg 150w, http:\/\/www.llhm.lu\/wp-content\/uploads\/iStock-842723334-1536x1025.jpg 1536w, http:\/\/www.llhm.lu\/wp-content\/uploads\/iStock-842723334-2048x1367.jpg 2048w, http:\/\/www.llhm.lu\/wp-content\/uploads\/iStock-842723334-750x500.jpg 750w\" sizes=\"(max-width: 1024px) 100vw, 1024px\" \/><\/figure><\/div>\n\n\n<p>L\u2019\u00e9quipe th\u00e9rapeutique se rend au domicile de la personne pour la soutenir dans son organisation de vie quotidienne et ses choix, et travailler sur le maintien voire la r\u00e9cup\u00e9ration des acquis en terme d\u2019insertion.<\/p>\n\n\n\n<hr class=\"wp-block-separator has-css-opacity\"\/>\n\n\n\n<h4 class=\"wp-block-heading\"><strong>Equipe d\u2019intervention mobile<\/strong><\/h4>\n\n\n<div class=\"wp-block-image\">\n<figure class=\"alignleft size-large is-resized\"><img loading=\"lazy\" decoding=\"async\" width=\"1024\" height=\"1022\" src=\"http:\/\/www.llhm.lu\/wp-content\/uploads\/iStock-826704872-Converti-copie-1024x1022.jpg\" alt=\"\" class=\"wp-image-994\" style=\"width:75px;height:74px\" srcset=\"http:\/\/www.llhm.lu\/wp-content\/uploads\/iStock-826704872-Converti-copie-1024x1022.jpg 1024w, http:\/\/www.llhm.lu\/wp-content\/uploads\/iStock-826704872-Converti-copie-300x300.jpg 300w, http:\/\/www.llhm.lu\/wp-content\/uploads\/iStock-826704872-Converti-copie-150x150.jpg 150w, http:\/\/www.llhm.lu\/wp-content\/uploads\/iStock-826704872-Converti-copie-1536x1533.jpg 1536w, http:\/\/www.llhm.lu\/wp-content\/uploads\/iStock-826704872-Converti-copie-2048x2044.jpg 2048w, http:\/\/www.llhm.lu\/wp-content\/uploads\/iStock-826704872-Converti-copie-250x250.jpg 250w, http:\/\/www.llhm.lu\/wp-content\/uploads\/iStock-826704872-Converti-copie-174x174.jpg 174w\" sizes=\"(max-width: 1024px) 100vw, 1024px\" \/><\/figure><\/div>\n\n\n<p>Se rendre sur demande d\u2019un tiers au domicile d\u2019une personne qui pr\u00e9sente une probable d\u00e9compensation psychique et effectuer une \u00e9valuation de la situation et des propositions de soins se veut l\u2019objectif de cette cellule professionnelle.<\/p>\n\n\n\n<hr class=\"wp-block-separator has-css-opacity\"\/>\n\n\n\n<h4 class=\"wp-block-heading\"><strong>Suivi social<\/strong><\/h4>\n\n\n<div class=\"wp-block-image\">\n<figure class=\"alignleft size-large is-resized\"><img loading=\"lazy\" decoding=\"async\" width=\"1024\" height=\"683\" src=\"http:\/\/www.llhm.lu\/wp-content\/uploads\/iStock-508067772-1024x683.jpg\" alt=\"\" class=\"wp-image-995\" style=\"width:95px;height:63px\" srcset=\"http:\/\/www.llhm.lu\/wp-content\/uploads\/iStock-508067772-1024x683.jpg 1024w, http:\/\/www.llhm.lu\/wp-content\/uploads\/iStock-508067772-300x200.jpg 300w, http:\/\/www.llhm.lu\/wp-content\/uploads\/iStock-508067772-150x100.jpg 150w, http:\/\/www.llhm.lu\/wp-content\/uploads\/iStock-508067772-1536x1024.jpg 1536w, http:\/\/www.llhm.lu\/wp-content\/uploads\/iStock-508067772-2048x1365.jpg 2048w, http:\/\/www.llhm.lu\/wp-content\/uploads\/iStock-508067772-750x500.jpg 750w\" sizes=\"(max-width: 1024px) 100vw, 1024px\" \/><\/figure><\/div>\n\n\n<p>Il s\u2019adresse \u00e0 tous les usagers des services logement et propose : bilan social, guidance budg\u00e9taire et accompagnement aux questions et probl\u00e8mes sociaux des r\u00e9sidents tout au long du projet th\u00e9rapeutique.<\/p>\n\n\n\n<hr class=\"wp-block-separator has-css-opacity\"\/>\n\n\n\n<h3 class=\"wp-block-heading\"><strong>En terme d\u2019activit\u00e9s th\u00e9rapeutiques et \u00e9ducatives<\/strong><\/h3>\n\n\n<div class=\"wp-block-image\">\n<figure class=\"alignright size-large is-resized\"><img loading=\"lazy\" decoding=\"async\" width=\"1024\" height=\"975\" src=\"http:\/\/www.llhm.lu\/wp-content\/uploads\/iStock-1035734244-Converti-copie-1024x975.jpg\" alt=\"\" class=\"wp-image-997\" style=\"width:329px;height:312px\" srcset=\"http:\/\/www.llhm.lu\/wp-content\/uploads\/iStock-1035734244-Converti-copie-1024x975.jpg 1024w, http:\/\/www.llhm.lu\/wp-content\/uploads\/iStock-1035734244-Converti-copie-300x286.jpg 300w, http:\/\/www.llhm.lu\/wp-content\/uploads\/iStock-1035734244-Converti-copie-150x143.jpg 150w, http:\/\/www.llhm.lu\/wp-content\/uploads\/iStock-1035734244-Converti-copie.jpg 1121w\" sizes=\"(max-width: 1024px) 100vw, 1024px\" \/><\/figure><\/div>\n\n\n<ul>\n<li>Activit\u00e9s de groupe (petits d\u00e9jeuners, pr\u00e9paration de\nrepas, sports, loisirs, sant\u00e9 et bien-\u00eatre, groupe artistique,\u2026)<\/li>\n\n\n\n<li>Entretiens individuels<\/li>\n\n\n\n<li>Soutien \u00e0 la m\u00e9dication <\/li>\n\n\n\n<li>Accompagnements divers en lien avec le projet<\/li>\n\n\n\n<li>Apprentissage des t\u00e2ches de la vie quotidienne<\/li>\n\n\n\n<li>Soutien administratif et \u00e0 l\u2019int\u00e9gration\nprofessionnelle<\/li>\n\n\n\n<li>Evaluation r\u00e9guli\u00e8re du projet th\u00e9rapeutique<\/li>\n<\/ul>\n\n\n\n<hr class=\"wp-block-separator has-css-opacity\"\/>\n\n\n\n<h3 class=\"wp-block-heading\"><strong>Concepts et valeurs<\/strong><\/h3>\n\n\n\n<p>Diff\u00e9rentes valeurs et concepts guident notre travail au quotidien\n: r\u00e9tablissement, responsabilit\u00e9, empowerment, inclusion et citoyennet\u00e9\nsous-tendent les interventions propos\u00e9es. Dans nos \u00e9quipes le lien de confiance\navec l\u2019usager se construit dans une attitude de respect et de bienveillance.\nL\u2019accent est mis sur l\u2019id\u00e9e d\u2019agir en partenariat avec lui et ses r\u00e9seaux\nrelationnels et de soins.<\/p>\n\n\n\n<p>Les accompagnements sont assur\u00e9s par une \u00e9quipe\nmultidisciplinaire de professionnels (infirmiers et infirmiers psychiatriques,\n\u00e9ducateurs, psychologues, p\u00e9dagogues, assistants sociaux, psychiatres) soutenue\npar une \u00e9quipe administrative.<\/p>\n\n\n\n<hr class=\"wp-block-separator has-css-opacity\"\/>\n\n\n\n<h3 class=\"wp-block-heading\"><strong>Pour prendre contact<\/strong><\/h3>\n\n\n\n<p>T\u00e9l\u00e9phoner au secr\u00e9tariat du service logement (<a href=\"tel:+352493029\" data-type=\"tel\" data-id=\"tel:+352493020\">49 30 29<\/a>) pour un premier rendez-vous avec des membres de l\u2019\u00e9quipe.<\/p>\n","protected":false},"excerpt":{"rendered":"<p>Le service logement de la Ligue propose \u00e0 des personnes qui souffrent d\u2019un trouble psychique l\u2019accompagnement d\u2019une \u00e9quipe soignante \u00e0 domicile. Guider la personne dans la gestion des activit\u00e9s quotidiennes, soutenir la construction et le maintien d\u2019un projet de vie autonome, favoriser les apprentissages, toutes ces actions contribuent \u00e0 pr\u00e9venir les rechutes de la maladie, <a href=\"http:\/\/www.llhm.lu\/?page_id=173\" rel=\"nofollow\"><span class=\"sr-only\">Read more about Services Logement<\/span>[&hellip;]<\/a><\/p>\n","protected":false},"author":1,"featured_media":0,"parent":0,"menu_order":0,"comment_status":"closed","ping_status":"closed","template":"template-fullwidth.php","meta":{"footnotes":""},"_links":{"self":[{"href":"http:\/\/www.llhm.lu\/index.php?rest_route=\/wp\/v2\/pages\/173"}],"collection":[{"href":"http:\/\/www.llhm.lu\/index.php?rest_route=\/wp\/v2\/pages"}],"about":[{"href":"http:\/\/www.llhm.lu\/index.php?rest_route=\/wp\/v2\/types\/page"}],"author":[{"embeddable":true,"href":"http:\/\/www.llhm.lu\/index.php?rest_route=\/wp\/v2\/users\/1"}],"replies":[{"embeddable":true,"href":"http:\/\/www.llhm.lu\/index.php?rest_route=%2Fwp%2Fv2%2Fcomments&post=173"}],"version-history":[{"count":10,"href":"http:\/\/www.llhm.lu\/index.php?rest_route=\/wp\/v2\/pages\/173\/revisions"}],"predecessor-version":[{"id":1561,"href":"http:\/\/www.llhm.lu\/index.php?rest_route=\/wp\/v2\/pages\/173\/revisions\/1561"}],"wp:attachment":[{"href":"http:\/\/www.llhm.lu\/index.php?rest_route=%2Fwp%2Fv2%2Fmedia&parent=173"}],"curies":[{"name":"wp","href":"https:\/\/api.w.org\/{rel}","templated":true}]}}