{"id":167,"date":"2016-06-01T14:49:07","date_gmt":"2016-06-01T12:49:07","guid":{"rendered":"http:\/\/www.llhm.lu\/?page_id=167"},"modified":"2025-05-23T13:44:24","modified_gmt":"2025-05-23T11:44:24","slug":"services-de-consultation","status":"publish","type":"page","link":"http:\/\/www.llhm.lu\/?page_id=167","title":{"rendered":"Services de consultation"},"content":{"rendered":"<div class=\"wp-block-image\">\n<figure class=\"alignright size-large is-resized\"><img loading=\"lazy\" decoding=\"async\" width=\"859\" height=\"977\" src=\"http:\/\/www.llhm.lu\/wp-content\/uploads\/panneau.jpg\" alt=\"\" class=\"wp-image-946\" style=\"width:211px;height:240px\" srcset=\"http:\/\/www.llhm.lu\/wp-content\/uploads\/panneau.jpg 859w, http:\/\/www.llhm.lu\/wp-content\/uploads\/panneau-264x300.jpg 264w, http:\/\/www.llhm.lu\/wp-content\/uploads\/panneau-132x150.jpg 132w\" sizes=\"(max-width: 859px) 100vw, 859px\" \/><\/figure><\/div>\n\n\n<p>Le service est un lieu d\u2019\u00e9coute, de soutien et de prise en\ncharge th\u00e9rapeutique pour des personnes qui pr\u00e9sentent un trouble psychique ou\ndes difficult\u00e9s de vie.<\/p>\n\n\n\n<p>Le service de consultation est ouvert pour le public du lundi\nau vendredi de 8h \u00e0 17h et accueille toute personne adulte confront\u00e9e \u00e0 des\ndifficult\u00e9s li\u00e9es \u00e0 une probl\u00e9matique psychiatrique.<\/p>\n\n\n\n<p>Les prises en charge sont r\u00e9alis\u00e9es par une \u00e9quipe pluridisciplinaire, constitu\u00e9e de psychologues, psychoth\u00e9rapeutes, psychiatres et assistant(e)s sociaux(ales). L\u2019accent est mis sur le travail en r\u00e9seau avec les autres acteurs du secteur psychiatrique et social du pays.<\/p>\n\n\n\n<p><\/p>\n\n\n\n<hr class=\"wp-block-separator has-css-opacity\"\/>\n\n\n\n<p><strong>Les diff\u00e9rents types de prises en charge<\/strong><\/p>\n\n\n<div class=\"wp-block-image\">\n<figure class=\"alignleft size-large is-resized\"><img loading=\"lazy\" decoding=\"async\" width=\"1024\" height=\"683\" src=\"http:\/\/www.llhm.lu\/wp-content\/uploads\/iStock-1094152390-1024x683.jpg\" alt=\"\" class=\"wp-image-945\" style=\"width:237px;height:157px\" srcset=\"http:\/\/www.llhm.lu\/wp-content\/uploads\/iStock-1094152390-1024x683.jpg 1024w, http:\/\/www.llhm.lu\/wp-content\/uploads\/iStock-1094152390-300x200.jpg 300w, http:\/\/www.llhm.lu\/wp-content\/uploads\/iStock-1094152390-150x100.jpg 150w, http:\/\/www.llhm.lu\/wp-content\/uploads\/iStock-1094152390-1536x1024.jpg 1536w, http:\/\/www.llhm.lu\/wp-content\/uploads\/iStock-1094152390-2048x1365.jpg 2048w, http:\/\/www.llhm.lu\/wp-content\/uploads\/iStock-1094152390-750x500.jpg 750w\" sizes=\"(max-width: 1024px) 100vw, 1024px\" \/><\/figure><\/div>\n\n\n<ul>\n<li>Consultation psychoth\u00e9rapeutique<\/li>\n\n\n\n<li>Consultation psychologique<\/li>\n\n\n\n<li>Consultation psychiatrique<\/li>\n\n\n\n<li>Consultation sociale<\/li>\n\n\n\n<li>Consultation migrants<\/li>\n\n\n\n<li>Consultation Stressberodung<\/li>\n\n\n\n<li>Consultation de couple<\/li>\n<\/ul>\n\n\n\n<hr class=\"wp-block-separator has-css-opacity\"\/>\n\n\n\n<p><strong>Notre offre<\/strong><\/p>\n\n\n\n<ul>\n<li>La gratuit\u00e9 des consultations<\/li>\n\n\n\n<li>Une \u00e9quipe pluridisciplinaire constitu\u00e9e de psychoth\u00e9rapeutes, psychologues, psychiatres et assistants sociaux<\/li>\n\n\n\n<li>Des approches th\u00e9rapeutiques vari\u00e9es: th\u00e9rapie cognitive et comportementale, psychanalyse, syst\u00e9mique, familiale, th\u00e9rapie d\u2019acceptation et d\u2019engagement, EMDR, sch\u00e9math\u00e9rapie, approche interculturelle, traumath\u00e9rapie,&#8230; <\/li>\n\n\n\n<li>La possibilit\u00e9 de consultation avec interpr\u00e8te <\/li>\n\n\n\n<li>Une \u00e9quipe dynamique et comp\u00e9tente, sensibilis\u00e9e aux derni\u00e8res approches<\/li>\n\n\n\n<li>Un travail en r\u00e9seau<\/li>\n<\/ul>\n\n\n\n<hr class=\"wp-block-separator has-css-opacity\"\/>\n\n\n<div class=\"wp-block-image\">\n<figure class=\"alignright size-large is-resized\"><img loading=\"lazy\" decoding=\"async\" width=\"1024\" height=\"1019\" src=\"http:\/\/www.llhm.lu\/wp-content\/uploads\/iStock-165909415-Converti-1024x1019.jpg\" alt=\"\" class=\"wp-image-947\" style=\"width:104px;height:103px\" srcset=\"http:\/\/www.llhm.lu\/wp-content\/uploads\/iStock-165909415-Converti-1024x1019.jpg 1024w, http:\/\/www.llhm.lu\/wp-content\/uploads\/iStock-165909415-Converti-300x298.jpg 300w, http:\/\/www.llhm.lu\/wp-content\/uploads\/iStock-165909415-Converti-150x150.jpg 150w, http:\/\/www.llhm.lu\/wp-content\/uploads\/iStock-165909415-Converti-1536x1528.jpg 1536w, http:\/\/www.llhm.lu\/wp-content\/uploads\/iStock-165909415-Converti-2048x2037.jpg 2048w, http:\/\/www.llhm.lu\/wp-content\/uploads\/iStock-165909415-Converti-250x250.jpg 250w, http:\/\/www.llhm.lu\/wp-content\/uploads\/iStock-165909415-Converti-174x174.jpg 174w\" sizes=\"(max-width: 1024px) 100vw, 1024px\" \/><\/figure><\/div>\n\n\n<p><strong>Migration<\/strong><\/p>\n\n\n\n<p>Le service prend en charge les demandeurs et les b\u00e9n\u00e9ficiaires de protection internationale pr\u00e9sentant une probl\u00e9matique psychiatrique. Face \u00e0 des usagers qui ne parlent pas les langues usuelles du pays, il est possible de faire appel au service interpr\u00e9tariat interculturel de la Croix-Rouge pour demander des interpr\u00e8tes.<\/p>\n\n\n\n<p><\/p>\n\n\n\n<hr class=\"wp-block-separator has-css-opacity\"\/>\n\n\n\n<p><strong>Pour\nprendre contact<\/strong><\/p>\n\n\n<div class=\"wp-block-image\">\n<figure class=\"alignleft size-large is-resized\"><img loading=\"lazy\" decoding=\"async\" width=\"1024\" height=\"683\" src=\"http:\/\/www.llhm.lu\/wp-content\/uploads\/iStock-187040184-modif-1024x683.jpg\" alt=\"\" class=\"wp-image-948\" style=\"width:256px;height:170px\" srcset=\"http:\/\/www.llhm.lu\/wp-content\/uploads\/iStock-187040184-modif-1024x683.jpg 1024w, http:\/\/www.llhm.lu\/wp-content\/uploads\/iStock-187040184-modif-300x200.jpg 300w, http:\/\/www.llhm.lu\/wp-content\/uploads\/iStock-187040184-modif-150x100.jpg 150w, http:\/\/www.llhm.lu\/wp-content\/uploads\/iStock-187040184-modif-1536x1024.jpg 1536w, http:\/\/www.llhm.lu\/wp-content\/uploads\/iStock-187040184-modif-2048x1365.jpg 2048w, http:\/\/www.llhm.lu\/wp-content\/uploads\/iStock-187040184-modif-750x500.jpg 750w\" sizes=\"(max-width: 1024px) 100vw, 1024px\" \/><\/figure><\/div>\n\n\n<p>Vous pouvez vous adresser au secr\u00e9tariat (<a href=\"tel:+352493029\">49 30 29<\/a>) pour fixer d\u00e8s que possible un rendez-vous avec un membre de l\u2019\u00e9quipe.<\/p>\n","protected":false},"excerpt":{"rendered":"<p>Le service est un lieu d\u2019\u00e9coute, de soutien et de prise en charge th\u00e9rapeutique pour des personnes qui pr\u00e9sentent un trouble psychique ou des difficult\u00e9s de vie. Le service de consultation est ouvert pour le public du lundi au vendredi de 8h \u00e0 17h et accueille toute personne adulte confront\u00e9e \u00e0 des difficult\u00e9s li\u00e9es \u00e0 <a href=\"http:\/\/www.llhm.lu\/?page_id=167\" rel=\"nofollow\"><span class=\"sr-only\">Read more about Services de consultation<\/span>[&hellip;]<\/a><\/p>\n","protected":false},"author":1,"featured_media":0,"parent":0,"menu_order":0,"comment_status":"closed","ping_status":"closed","template":"template-fullwidth.php","meta":{"footnotes":""},"_links":{"self":[{"href":"http:\/\/www.llhm.lu\/index.php?rest_route=\/wp\/v2\/pages\/167"}],"collection":[{"href":"http:\/\/www.llhm.lu\/index.php?rest_route=\/wp\/v2\/pages"}],"about":[{"href":"http:\/\/www.llhm.lu\/index.php?rest_route=\/wp\/v2\/types\/page"}],"author":[{"embeddable":true,"href":"http:\/\/www.llhm.lu\/index.php?rest_route=\/wp\/v2\/users\/1"}],"replies":[{"embeddable":true,"href":"http:\/\/www.llhm.lu\/index.php?rest_route=%2Fwp%2Fv2%2Fcomments&post=167"}],"version-history":[{"count":17,"href":"http:\/\/www.llhm.lu\/index.php?rest_route=\/wp\/v2\/pages\/167\/revisions"}],"predecessor-version":[{"id":1571,"href":"http:\/\/www.llhm.lu\/index.php?rest_route=\/wp\/v2\/pages\/167\/revisions\/1571"}],"wp:attachment":[{"href":"http:\/\/www.llhm.lu\/index.php?rest_route=%2Fwp%2Fv2%2Fmedia&parent=167"}],"curies":[{"name":"wp","href":"https:\/\/api.w.org\/{rel}","templated":true}]}}