{"id":1256,"date":"2022-01-07T12:56:57","date_gmt":"2022-01-07T11:56:57","guid":{"rendered":"http:\/\/www.llhm.lu\/?page_id=1256"},"modified":"2022-01-07T12:56:57","modified_gmt":"2022-01-07T11:56:57","slug":"politique-de-protection-des-donnees","status":"publish","type":"page","link":"http:\/\/www.llhm.lu\/?page_id=1256","title":{"rendered":"POLITIQUE DE PROTECTION DES DONN\u00c9ES"},"content":{"rendered":"<p>La Ligue Luxembourgeoise d\u2019Hygi\u00e8ne Mentale ASBL (ci-apr\u00e8s d\u00e9nomm\u00e9e la \u00ab <strong>LLHM<\/strong> \u00bb) attache une grande importance au respect de votre vie priv\u00e9e.<\/p>\n<p>Pour tout traitement de donn\u00e9es \u00e0 caract\u00e8re personnel, la <strong>LLHM<\/strong> s\u2019engage \u00e0 prot\u00e9ger les donn\u00e9es des utilisateurs de son site internet <strong>llmh.lu<\/strong> conform\u00e9ment \u00e0 la r\u00e8glementation applicable et notamment au r\u00e8glement g\u00e9n\u00e9ral sur la protection des donn\u00e9es (le \u00ab\u00a0RGPD\u00a0\u00bb) en vigueur depuis le 25 mai 2018.<\/p>\n<p>Dans le cadre de la pr\u00e9sente Politique, les donn\u00e9es personnelles renvoient \u00e0 toute information se rapportant \u00e0 une personne physique identifi\u00e9e ou identifiable, directement ou indirectement.<\/p>\n<p>Pour l\u2019ensemble des traitements mis en \u0153uvre, la <strong>LLHM<\/strong> agit en tant que responsable du traitement au sens du RGPD.<\/p>\n<p>&nbsp;<\/p>\n<p><strong>1 \/ Types de donn\u00e9es personnelles collect\u00e9es <\/strong><\/p>\n<p>En r\u00e8gle g\u00e9n\u00e9rale, vos donn\u00e9es personnelles ne sont pas automatiquement collect\u00e9es lorsque vous naviguez sur notre site.<\/p>\n<p>N\u00e9anmoins, lors de votre premi\u00e8re visite, une banni\u00e8re appara\u00eet vous informant de l&#8217;utilisation de cookies durant votre navigation. Il vous appartient de faire un choix entre accepter ou refuser le d\u00e9p\u00f4t des cookies en fonction de la finalit\u00e9 poursuivie par chaque cat\u00e9gorie de cookies. Certains cookies ne collectent aucune donn\u00e9e personnelle mais offrent simplement une meilleure exp\u00e9rience de navigation.<\/p>\n<p>Pour en savoir plus sur les types de cookies et technologies similaires que nous utilisons, pourquoi et comment vous pouvez contr\u00f4ler ces technologies, veuillez consulter notre <strong>Politique de gestion des cookies.<\/strong><\/p>\n<p>Lorsque vous remplissez le formulaire de contact disponible sur notre site, nous collectons vos donn\u00e9es telles que le nom, le pr\u00e9nom, l&#8217;adresse e-mail, le num\u00e9ro de t\u00e9l\u00e9phone ainsi que le contenu des messages que vous nous adressez.<\/p>\n<p>En fournissant ces informations, vous acceptez express\u00e9ment que vos donn\u00e9es soient trait\u00e9es par la <strong>LLHM<\/strong> aux fins indiqu\u00e9es dans la section 2 ci-dessous. S&#8217;il y a d&#8217;autres fins que celles indiqu\u00e9es au point 2, elles seront communiqu\u00e9es \u00e0 la fin de chaque formulaire.<\/p>\n<p>En outre, nous collectons vos donn\u00e9es lorsque vous nous contactez directement par n&#8217;importe quel canal de communication (par exemple lorsque vous nous envoyez un e-mail contenant un commentaire ou un retour d&#8217;information).<\/p>\n<p>Enfin, certaines informations sont collect\u00e9es de mani\u00e8re automatique. Ainsi, lorsque vous acc\u00e9dez \u00e0 notre site, nous pouvons, par le biais de fichiers journaux et de cookies, collecter automatiquement certaines informations \u00e0 partir de votre appareil, telles que l\u2019adresse IP, l\u2019adresse MAC, votre ID d&#8217;appareil mais \u00e9galement le syst\u00e8me d\u2019exploitation de votre appareil, les pages visit\u00e9es, les requ\u00eates effectu\u00e9es ainsi que le jour et l\u2019heure de connexion.<\/p>\n<p>&nbsp;<\/p>\n<p><strong>2 \/ Finalit\u00e9s de la collecte<\/strong><\/p>\n<p><strong>\u00a0<\/strong>Nous traitons vos donn\u00e9es personnelles \u00e0 des fins suivantes :<\/p>\n<ol>\n<li>Gestion des demandes de contact et\/ou d\u2019informations effectu\u00e9es sur le site\u00a0;<\/li>\n<li>Gestion des donn\u00e9es statistiques et am\u00e9lioration des fonctionnalit\u00e9s du site.<\/li>\n<\/ol>\n<p>Dans le cas de traitement ult\u00e9rieur effectu\u00e9 pour une autre finalit\u00e9 que celles list\u00e9es ci-dessus, nous nous engageons \u00e0 vous fournir au pr\u00e9alable des informations au sujet de cette autre finalit\u00e9.<\/p>\n<p>&nbsp;<\/p>\n<p><strong>3 \/ Bases l\u00e9gales du traitement <\/strong><\/p>\n<p><strong>\u00a0<\/strong>Les finalit\u00e9s expliqu\u00e9es \u00e0 l\u2019article 2 sont fond\u00e9es sur les bases l\u00e9gales suivantes\u00a0:<\/p>\n<ol>\n<li>Int\u00e9r\u00eat l\u00e9gitime ou ex\u00e9cution pr\u00e9contractuelle\u00a0;<\/li>\n<li>Int\u00e9r\u00eat l\u00e9gitime.<\/li>\n<\/ol>\n<p>&nbsp;<\/p>\n<p><strong>4 \/ Destinataires des donn\u00e9es <\/strong><\/p>\n<p>Afin de r\u00e9aliser les finalit\u00e9s \u00e9num\u00e9r\u00e9es \u00e0 l\u2019article 2, les donn\u00e9es sont transmises aux destinataires suivants :<\/p>\n<ul>\n<li>Personnel de la <strong>LLHM<\/strong> ;<\/li>\n<li>Fournisseurs r\u00e9seaux ;<\/li>\n<li>Autres prestataires de services intervenant en qualit\u00e9 de sous-traitants et agissant sur instruction de la<\/li>\n<\/ul>\n<p>Dans ce cas, un contrat est \u00e9tabli entre la <strong>LLHM<\/strong> et le sous-traitant en question et des mesures techniques et organisationnelles appropri\u00e9es sont mis en place conform\u00e9ment aux articles 28 et 32 du RGPD.<\/p>\n<p>&nbsp;<\/p>\n<p>Aucune donn\u00e9e n\u2019est transf\u00e9r\u00e9e en dehors du Grand-Duch\u00e9 de Luxembourg, ni en dehors de l\u2019Union europ\u00e9enne.<\/p>\n<p><strong>5 \/ Dur\u00e9e de conservation des donn\u00e9es<\/strong><\/p>\n<p>Vos donn\u00e9es personnelles sont conserv\u00e9es uniquement pour le temps en relation avec l&#8217;objectif de nos \u00e9changes de communication (lorsque vous nous contactez via notre formulaire de contact).<\/p>\n<p>&nbsp;<\/p>\n<p><strong>6 \/ S\u00e9curit\u00e9 des donn\u00e9es <\/strong><\/p>\n<p><strong>\u00a0<\/strong>La <strong>LLHM<\/strong> s\u2019engage \u00e0 mettre en place des mesures techniques et organisationnelles de nature \u00e0 assurer la s\u00e9curit\u00e9 des donn\u00e9es.<\/p>\n<p>Les donn\u00e9es personnelles collect\u00e9es sont conserv\u00e9s dans un environnement s\u00e9curis\u00e9. Les personnes travaillant pour la <strong>LLHM<\/strong> sont tenues de respecter la confidentialit\u00e9 des informations.<\/p>\n<p>La<strong> LLHM<\/strong> s\u2019engage \u00e0 maintenir un haut degr\u00e9 de confidentialit\u00e9 en int\u00e9grant les derni\u00e8res innovations technologiques permettant d\u2019assurer la confidentialit\u00e9 des donn\u00e9es.<\/p>\n<p>&nbsp;<\/p>\n<p><strong>7 \/ Droits des personnes\u00a0 <\/strong><\/p>\n<p><strong>\u00a0<\/strong>En tant que personne physique, vous disposez d\u2019un certain nombre de droits concernant vos donn\u00e9es personnelles, \u00e0 savoir\u00a0:<strong>\u00a0<\/strong><\/p>\n<ul>\n<li>le <strong>droit d\u2019acc\u00e8s aux donn\u00e9es<\/strong> : Vous pouvez demander \u00e0 tout moment d\u2019obtenir l\u2019acc\u00e8s aux donn\u00e9es vous concernant ainsi qu\u2019une copie de ces donn\u00e9es ;<\/li>\n<li>le <strong>droit de demander la rectification des donn\u00e9es<\/strong> : Vous pouvez demander \u00e0 tout moment que les donn\u00e9es inexactes ou incompl\u00e8tes soient rectifi\u00e9es ;<\/li>\n<li>le <strong>droit de demander l\u2019effacement des donn\u00e9es<\/strong> : Vous pouvez demander \u00e0 ce que vos donn\u00e9es soient supprim\u00e9es lorsque, par exemple, les donn\u00e9es ne sont plus n\u00e9cessaires aux fins pour lesquelles elles ont \u00e9t\u00e9 collect\u00e9es ou trait\u00e9es ;<\/li>\n<li>le <strong>droit de demander une limitation du traitement qui les concerne<\/strong> : Vous pouvez demander \u00e0 ce que la <strong>LLHM<\/strong> restreigne le traitement de donn\u00e9es si par exemple vous contestez l\u2019exactitude des donn\u00e9es vous concernant ou si vous vous opposez au traitement des donn\u00e9es vous concernant ;<\/li>\n<li>le <strong>droit \u00e0 la portabilit\u00e9 des donn\u00e9es<\/strong> : Vous avez le droit de faire transf\u00e9rer vos donn\u00e9es \u00e0 un autre responsable du traitement dans un format structur\u00e9, couramment utilis\u00e9 et lisible par machine, si le traitement est effectu\u00e9 par des moyens automatis\u00e9s ou s\u2019il est fond\u00e9 sur le consentement pr\u00e9alable ;<\/li>\n<li>le <strong>droit de s\u2019opposer au traitement des donn\u00e9es<\/strong> : Vous pouvez vous opposer au traitement de vos donn\u00e9es et pouvez retirer votre consentement si le traitement est bas\u00e9 sur le consentement, par exemple si les donn\u00e9es sont utilis\u00e9es \u00e0 des fins de prospection commerciale.<\/li>\n<\/ul>\n<p>Pour exercer vos droits, veuillez contacter notre D\u00e9l\u00e9gu\u00e9 \u00e0 la protection des donn\u00e9es (DPO) \u00e0 l\u2019adresse e-mail suivante\u00a0: <a href=\"mailto:dpo@luxgap.com\">dpo@luxgap.com<\/a><\/p>\n<p>Votre demande sera trait\u00e9e dans un d\u00e9lai d&#8217;un (1) mois \u00e0 compter de la confirmation de votre identit\u00e9. Vous n&#8217;aurez pas \u00e0 payer de frais pour acc\u00e9der \u00e0 vos donn\u00e9es personnelles (ou exercer tout autre de vos droits). Toutefois, nous pouvons vous facturer des frais raisonnables si votre demande d&#8217;acc\u00e8s est manifestement infond\u00e9e ou inappropri\u00e9e. Nous pouvons \u00e9galement refuser de traiter votre demande pour la m\u00eame raison.<\/p>\n<p>Nous pouvons vous demander ces informations afin de nous aider \u00e0 confirmer votre identit\u00e9 et de nous assurer que vous respectez votre droit d&#8217;acc\u00e8s \u00e0 ces informations (ou pour l&#8217;exercice de tout autre de vos droits). Il s&#8217;agit d&#8217;une mesure de s\u00e9curit\u00e9 visant \u00e0 garantir la non-divulgation de vos renseignements personnels \u00e0 une personne non autoris\u00e9e.<\/p>\n<p>En cas d\u2019insatisfaction, vous pouvez d\u00e9poser une plainte aupr\u00e8s de la Commission Nationale pour la Protection des Donn\u00e9es\u00a0(CNPD)\u00a0: <a href=\"https:\/\/cnpd.public.lu\/\">https:\/\/cnpd.public.lu\/<\/a><\/p>\n<p><strong>\u00a0<\/strong><\/p>\n<p><strong>8 \/ Mise \u00e0 jour de la pr\u00e9sente Politique <\/strong><\/p>\n<p>Nous pouvons changer, modifier, ajouter ou supprimer des parties de la pr\u00e9sente Politique \u00e0 tout moment et vous informerons des changements applicables par la mise en ligne d\u2019une version actualis\u00e9e de la pr\u00e9sente Politique.<\/p>\n<p><strong>\u00a0<\/strong><\/p>\n<p><strong>POLITIQUE DE GESTION DES COOKIES<\/strong><\/p>\n<p>Notre site peut proc\u00e9der \u00e0 la mise en place d&#8217;un cookie sur le disque dur de votre appareil (ordinateur, tablette, mobile, etc.) afin de garantir une navigation fluide et optimale. La pr\u00e9sente Politique d\u00e9crit les informations qu&#8217;ils recueillent, comment nous les utilisons et pourquoi nous avons parfois besoin de stocker ces fichiers.<\/p>\n<p>&nbsp;<\/p>\n<p><strong>D\u00c9FINITION<\/strong><\/p>\n<p>Les \u00ab cookies \u00bb sont de petits fichiers texte de taille limit\u00e9e qui sont t\u00e9l\u00e9charg\u00e9s sur votre ordinateur et nous permettent de reconna\u00eetre votre ordinateur, tablette ou mobile afin de personnaliser les services que nous offrons et d&#8217;am\u00e9liorer votre exp\u00e9rience.<\/p>\n<p>Il existe deux types de Cookies :<\/p>\n<p><strong>Cookies de session<\/strong> : il s&#8217;agit de fichiers de cookies temporaires qui sont effac\u00e9s lorsque vous fermez votre navigateur. Lorsque vous red\u00e9marrez le navigateur et revenez sur le site qui a cr\u00e9\u00e9 le cookie, le site ne vous reconna\u00eetra pas. Vous devez alors vous reconnecter (si une connexion est requise) ou s\u00e9lectionner de nouveau vos pr\u00e9f\u00e9rences\/th\u00e8mes si le site utilise ces fonctionnalit\u00e9s. Un nouveau cookie de session sera g\u00e9n\u00e9r\u00e9 et stockera ses informations de navigation tout en restant actif jusqu&#8217;\u00e0 ce que vous quittiez \u00e0 nouveau le site et fermiez votre navigateur.<\/p>\n<p><strong>Cookies persistants<\/strong> : ces fichiers demeurent dans un des sous-dossiers de votre navigateur jusqu&#8217;\u00e0 ce que vous les supprimiez manuellement ou que votre navigateur les supprime selon la dur\u00e9e pr\u00e9cis\u00e9e dans le fichier du cookie persistant.<\/p>\n<p>&nbsp;<\/p>\n<p><strong>\u00a0<\/strong><strong>GESTION DES COOKIES<\/strong><\/p>\n<p>Lors de votre premi\u00e8re visite, une banni\u00e8re vous informe de la pr\u00e9sence de ces cookies et vous invite \u00e0 indiquer votre choix. Ils ne sont d\u00e9pos\u00e9s que si vous les acceptez. Vous pouvez \u00e0 tout moment param\u00e9trer les cookies pour les accepter ou les refuser en fonction de la finalit\u00e9 poursuivie par chaque cat\u00e9gorie de cookies.<\/p>\n<p>Les informations collect\u00e9es par le biais des cookies ne vous identifient en aucune fa\u00e7on. Les cookies sont utilis\u00e9s exclusivement pour nos propres besoins afin d&#8217;am\u00e9liorer l&#8217;interactivit\u00e9 et la performance de notre site.<\/p>\n<p>&nbsp;<\/p>\n<p><strong>\u00a0<\/strong><strong>COOKIES UTILIS\u00c9S <\/strong><\/p>\n<p>Pour mieux vous informer sur les informations que les cookies identifient, vous trouverez ci-dessous les diff\u00e9rents types de cookies qui peuvent \u00eatre utilis\u00e9s sur le site <strong>llhm.lu<\/strong>, leur nom, leur but et le leur dur\u00e9e de conservation.<\/p>\n<p>&nbsp;<\/p>\n<p><strong><u>Cookies n\u00e9cessaires<\/u><\/strong><\/p>\n<p><em>Les cookies n\u00e9cessaires contribuent \u00e0 rendre un site internet utilisable en activant des fonctions de base comme la navigation de page et l&#8217;acc\u00e8s aux zones s\u00e9curis\u00e9es du site web. Le site web ne peut pas fonctionner correctement sans ces cookies. <\/em><\/p>\n<p><em>\u00a0<\/em><\/p>\n<p>Nom<strong>\u00a0:\u00a0 CookieConsent<\/strong><\/p>\n<p>Provenance\u00a0: llhm.lu<\/p>\n<p>Finalit\u00e9\u00a0: utilis\u00e9 pour enregistrer le consentement de l\u2019utilisateur.<\/p>\n<p>Dur\u00e9e de conservation\u00a0: 1 ann\u00e9e<\/p>\n<p><strong>\u00a0<\/strong>Nom<strong>\u00a0: \u00a0ppms_webstorage<\/strong><\/p>\n<p>Provenance\u00a0: llhm.lu<\/p>\n<p>Finalit\u00e9\u00a0: utilise\u0301 dans le contexte de la fonction de stockage local dans le navigateur\u00a0; cette fonction permet au site web de se charger plus rapidement en rechargeant certaines proc\u00e9dures.<\/p>\n<p>Dur\u00e9e de conservation\u00a0: persistant<\/p>\n<p>&nbsp;<\/p>\n<p><strong><u>Cookie statistique<\/u><\/strong><\/p>\n<p><em>Les cookies statistiques aident les propri\u00e9taires du site, par la collecte et la communication d&#8217;informations de mani\u00e8re anonyme, a\u0300 comprendre comment les visiteurs interagissent avec le site. <\/em><\/p>\n<p>Nom<strong>\u00a0: ppms_privacy_#GUID#<\/strong><\/p>\n<p>Provenance\u00a0: llhm.lu<\/p>\n<p>Finalit\u00e9\u00a0: d\u00e9termine si l&#8217;internaute a donn\u00e9 son consentement dans la banni\u00e8re de cookie.<\/p>\n<p>Dur\u00e9e de conservation\u00a0: 1 an<\/p>\n<p>&nbsp;<\/p>\n<p><strong><u>Cookie de pr\u00e9f\u00e9rence <\/u><\/strong><\/p>\n<p>Les cookies de pr\u00e9f\u00e9rence permettent de modifier les fonctionnalit\u00e9s ou les param\u00e8tres d\u2019affichage du site (choix de langue, etc.).<\/p>\n<p>Nom<strong>\u00a0:<\/strong> <strong>CookieConsentBulkSetting-#<\/strong><\/p>\n<p>Provenance\u00a0: cookiebot.com<\/p>\n<p>Finalit\u00e9\u00a0: prend en compte le consentement aux cookies sur plusieurs sites.<\/p>\n<p>Dur\u00e9e de conservation\u00a0: persistant<\/p>\n<p>&nbsp;<\/p>\n<p>&nbsp;<\/p>\n<p>&nbsp;<\/p>\n","protected":false},"excerpt":{"rendered":"<p>La Ligue Luxembourgeoise d\u2019Hygi\u00e8ne Mentale ASBL (ci-apr\u00e8s d\u00e9nomm\u00e9e la \u00ab LLHM \u00bb) attache une grande importance au respect de votre vie priv\u00e9e. Pour tout traitement de donn\u00e9es \u00e0 caract\u00e8re personnel, la LLHM s\u2019engage \u00e0 prot\u00e9ger les donn\u00e9es des utilisateurs de son site internet llmh.lu conform\u00e9ment \u00e0 la r\u00e8glementation applicable et notamment au r\u00e8glement g\u00e9n\u00e9ral sur <a href=\"http:\/\/www.llhm.lu\/?page_id=1256\" rel=\"nofollow\"><span class=\"sr-only\">Read more about POLITIQUE DE PROTECTION DES DONN\u00c9ES<\/span>[&hellip;]<\/a><\/p>\n","protected":false},"author":1,"featured_media":0,"parent":0,"menu_order":0,"comment_status":"closed","ping_status":"closed","template":"","meta":{"footnotes":""},"_links":{"self":[{"href":"http:\/\/www.llhm.lu\/index.php?rest_route=\/wp\/v2\/pages\/1256"}],"collection":[{"href":"http:\/\/www.llhm.lu\/index.php?rest_route=\/wp\/v2\/pages"}],"about":[{"href":"http:\/\/www.llhm.lu\/index.php?rest_route=\/wp\/v2\/types\/page"}],"author":[{"embeddable":true,"href":"http:\/\/www.llhm.lu\/index.php?rest_route=\/wp\/v2\/users\/1"}],"replies":[{"embeddable":true,"href":"http:\/\/www.llhm.lu\/index.php?rest_route=%2Fwp%2Fv2%2Fcomments&post=1256"}],"version-history":[{"count":1,"href":"http:\/\/www.llhm.lu\/index.php?rest_route=\/wp\/v2\/pages\/1256\/revisions"}],"predecessor-version":[{"id":1257,"href":"http:\/\/www.llhm.lu\/index.php?rest_route=\/wp\/v2\/pages\/1256\/revisions\/1257"}],"wp:attachment":[{"href":"http:\/\/www.llhm.lu\/index.php?rest_route=%2Fwp%2Fv2%2Fmedia&parent=1256"}],"curies":[{"name":"wp","href":"https:\/\/api.w.org\/{rel}","templated":true}]}}