{"id":1031,"date":"2021-06-01T11:17:37","date_gmt":"2021-06-01T09:17:37","guid":{"rendered":"http:\/\/www.llhm.lu\/?page_id=1031"},"modified":"2025-03-14T14:01:10","modified_gmt":"2025-03-14T13:01:10","slug":"lasbl","status":"publish","type":"page","link":"http:\/\/www.llhm.lu\/?page_id=1031","title":{"rendered":"L&#8217;ASBL"},"content":{"rendered":"\n<figure class=\"wp-block-image size-large is-resized\"><img loading=\"lazy\" decoding=\"async\" width=\"1024\" height=\"387\" src=\"http:\/\/www.llhm.lu\/wp-content\/uploads\/LSM_Logo-rgb_colour-1024x387.png\" alt=\"\" class=\"wp-image-1542\" style=\"width:278px;height:auto\" srcset=\"http:\/\/www.llhm.lu\/wp-content\/uploads\/LSM_Logo-rgb_colour-1024x387.png 1024w, http:\/\/www.llhm.lu\/wp-content\/uploads\/LSM_Logo-rgb_colour-300x113.png 300w, http:\/\/www.llhm.lu\/wp-content\/uploads\/LSM_Logo-rgb_colour-150x57.png 150w, http:\/\/www.llhm.lu\/wp-content\/uploads\/LSM_Logo-rgb_colour-1536x580.png 1536w, http:\/\/www.llhm.lu\/wp-content\/uploads\/LSM_Logo-rgb_colour-2048x773.png 2048w\" sizes=\"(max-width: 1024px) 100vw, 1024px\" \/><\/figure>\n\n\n\n<p>La Ligue Luxembourgeoise d\u2019Hygi\u00e8ne Mentale est une asbl cr\u00e9\u00e9e\nen 1956 et active dans le domaine de la psychiatrie extra-hospitali\u00e8re. Elle\nregroupe des structures anciennement connues sous les noms de Centre de Sant\u00e9\nMentale, Centre Kompass, CIP\u2026.<\/p>\n\n\n\n<p>Elle est conventionn\u00e9e avec le Minist\u00e8re de la Sant\u00e9 et le\nMinist\u00e8re de la S\u00e9curit\u00e9 sociale. Elle b\u00e9n\u00e9ficie \u00e9galement du soutien de\nl\u2019\u0153uvre Nationale Grande-Duchesse Charlotte dans certaines de ses actions.<\/p>\n\n\n\n<hr class=\"wp-block-separator has-css-opacity\"\/>\n\n\n\n<h4 class=\"wp-block-heading\"><strong>Histoire<\/strong><\/h4>\n\n\n\n<p>Les premiers statuts de la Ligue Luxembourgeoise d\u2019Hygi\u00e8ne\nMentale ont \u00e9t\u00e9 publi\u00e9s au M\u00e9morial \u00ab recueil sp\u00e9cial \u00bb N\u00b017 le 24 mars 1956. Elle\nreprenait de fait le mod\u00e8le de la \u00ab Ligue Fran\u00e7aise de Prophylaxie et d\u2019Hygi\u00e8ne\nMentale \u00bb, cr\u00e9\u00e9e en 1921 et de la \u00ab Ligue Belge d\u2019Hygi\u00e8ne Mentale \u00bb en 1922. Comme\npour ces ligues l\u2019objectif \u00e9tait d\u2019abord humanitaire et de secours mais aussi\nl\u2019apport de soins pr\u00e9coces aux malades mentaux pour \u00e9viter leur hospitalisation\nqui \u00e0 l\u2019\u00e9poque n\u2019\u00e9tait possible que dans des asiles. <\/p>\n\n\n\n<p>Mais ces ligues avaient aussi des projets plus ambitieux et\nprogressistes pour l\u2019\u00e9poque : maintien de la sant\u00e9 mentale de la population,\nd\u00e9pistage et pr\u00e9vention des pathologies mentales et cr\u00e9ation de dispensaires\nd\u2019hygi\u00e8ne mentale. <\/p>\n\n\n\n<p>Si les concepts principaux \u00e9taient pr\u00e9sents d\u00e8s les ann\u00e9es\nvingt ce n\u2019est qu\u2019apr\u00e8s la d\u00e9couverte de m\u00e9dicaments vraiment efficaces dans\nles maladies psychiatriques \u00e0 partir de 1952 que des r\u00e9alisations\nsignificatives ont \u00e9t\u00e9 possibles.<\/p>\n\n\n<div class=\"wp-block-image\">\n<figure class=\"alignright size-large\"><img loading=\"lazy\" decoding=\"async\" width=\"590\" height=\"787\" src=\"http:\/\/www.llhm.lu\/wp-content\/uploads\/llhm-affiche-1.jpg\" alt=\"\" class=\"wp-image-1035\" srcset=\"http:\/\/www.llhm.lu\/wp-content\/uploads\/llhm-affiche-1.jpg 590w, http:\/\/www.llhm.lu\/wp-content\/uploads\/llhm-affiche-1-225x300.jpg 225w, http:\/\/www.llhm.lu\/wp-content\/uploads\/llhm-affiche-1-112x150.jpg 112w\" sizes=\"(max-width: 590px) 100vw, 590px\" \/><\/figure><\/div>\n\n\n<p><em>A partir de\n1956 on peut retenir quelques dates importantes pour la Ligue Luxembourgeoise\nd\u2019Hygi\u00e8ne Mentale :<\/em><\/p>\n\n\n\n<ul>\n<li>1960 :\nCr\u00e9ation d\u2019un dispensaire d\u2019hygi\u00e8ne mentale<\/li>\n\n\n\n<li>1973 :\nTransformation du dispensaire en Centre de Sant\u00e9 Mentale et premiers postes\nconventionn\u00e9s avec le minist\u00e8re de la sant\u00e9<\/li>\n\n\n\n<li>1986 :\nPremier appartement th\u00e9rapeutique, avec un concept de logements individuels se\nd\u00e9marquant des mod\u00e8les de foyer tendant \u00e0 recr\u00e9er des mini h\u00f4pitaux.<\/li>\n\n\n\n<li>1989 :\nCr\u00e9ation de l\u2019\u00ab ATP asbl \u00bb en coop\u00e9ration avec \u00ab R\u00e9seau-psy-Psychesch H\u00ebllef\nDobaussen asbl\u00bb et le \u00ab CERMM asbl \u00bb.<\/li>\n\n\n\n<li>Depuis\ncette association s\u2019est autonomis\u00e9e avec succ\u00e8s de m\u00eame que d\u2019autres\nassociations \u00e0 la naissance desquelles la Ligue avait particip\u00e9 dans le pass\u00e9\n(\u2026.)<\/li>\n\n\n\n<li>1991 :\nCr\u00e9ation du \u00ab Centre d\u2019Information et de Pr\u00e9vention \u00bb<\/li>\n\n\n\n<li>2002 :\nCr\u00e9ation de la \u00ab Berodungstell fir Stress op der Arbecht \u00bb d\u2019abord en\npartenariat avec l\u2019OGBL puis avec la Chambre des Salari\u00e9s<\/li>\n\n\n\n<li>2005 :\nCr\u00e9ation de la \u00ab Vernetzungsinitiativ fir Suizidpr\u00e4ventioun \u00bb coordonn\u00e9e par le\nCIP et qui aboutira sur demande du minist\u00e8re de la sant\u00e9 \u00e0 la proposition d\u2019un\n\u00ab plan national de pr\u00e9vention du suicide \u00bb<\/li>\n\n\n\n<li>2006 :\nObtention du statut d\u2019utilit\u00e9 publique<\/li>\n\n\n\n<li>2008 :\nConventionnement avec la CNS pour les services \u00ab logement \u00bb<\/li>\n\n\n\n<li>2013 :\nReprise des services du CERMM qui se dissout<\/li>\n\n\n\n<li>2018&nbsp;:\nNouvelle r\u00e9partition des activit\u00e9s de la Ligue en 3 p\u00f4les<\/li>\n<\/ul>\n\n\n\n<p><em>Bien\nentendu cette \u00e9volution s\u2019est faite dans un contexte socio-politique plus\nfavorable \u00e0 certaines \u00e9poques qu\u2019\u00e0 d\u2019autres.<\/em><\/p>\n\n\n\n<p>On peut retenir notamment la cr\u00e9ation du premier service de\npsychiatrie en h\u00f4pital g\u00e9n\u00e9ral au Centre Hospitalier de Luxembourg d\u00e9cid\u00e9e en\n1975.<\/p>\n\n\n\n<p>Le rapport du professeur H\u00e4fner command\u00e9 par Johny Lahure,\npubli\u00e9 en 1993, et qui pr\u00e9conise la d\u00e9centralisation de la psychiatrie est le\ndocument \u00e0 la base de la \u00ab r\u00e9forme de la psychiatrie \u00bb<\/p>\n\n\n\n<p>La d\u00e9cision minist\u00e9rielle de Mars Di Bartolomeo en 2005 qui\nfait que les admissions psychiatriques urgentes et non volontaires (\u00ab placement\nen observation \u00bb) ne se feront plus que dans les services de psychiatrie des\nh\u00f4pitaux r\u00e9gionaux peut \u00eatre consid\u00e9r\u00e9e comme le point de basculement de\nl\u2019ancien dans le nouveau syst\u00e8me.<\/p>\n\n\n\n<hr class=\"wp-block-separator has-css-opacity\"\/>\n\n\n\n<h4 class=\"wp-block-heading\"><strong>La continuit\u00e9 des concepts :<\/strong><\/h4>\n\n\n\n<figure class=\"wp-block-image size-large is-resized\"><img loading=\"lazy\" decoding=\"async\" width=\"1024\" height=\"350\" src=\"http:\/\/www.llhm.lu\/wp-content\/uploads\/iStock-810591640-1024x350.jpg\" alt=\"\" class=\"wp-image-1038\" style=\"width:623px;height:213px\" srcset=\"http:\/\/www.llhm.lu\/wp-content\/uploads\/iStock-810591640-1024x350.jpg 1024w, http:\/\/www.llhm.lu\/wp-content\/uploads\/iStock-810591640-300x103.jpg 300w, http:\/\/www.llhm.lu\/wp-content\/uploads\/iStock-810591640-150x51.jpg 150w, http:\/\/www.llhm.lu\/wp-content\/uploads\/iStock-810591640-1536x525.jpg 1536w, http:\/\/www.llhm.lu\/wp-content\/uploads\/iStock-810591640-2048x701.jpg 2048w\" sizes=\"(max-width: 1024px) 100vw, 1024px\" \/><\/figure>\n\n\n\n<p>La Ligue est n\u00e9e non-confessionnelle et apolitique avec des\nr\u00e9f\u00e9rences scientifiques et est rest\u00e9e fid\u00e8le \u00e0 des valeurs humanistes. A\ntravers son histoire on retrouve une constance dans quelques id\u00e9es fortes :<\/p>\n\n\n\n<ul>\n<li><strong>Une approche communautaire :<\/strong><\/li>\n<\/ul>\n\n\n\n<p>Le maintien dans la communaut\u00e9, dans leur milieu naturel, des\npatients psychiatriques est aujourd\u2019hui devenue une \u00e9vidence. Jusque dans les\nann\u00e9es 1960 et 1970 c\u2019est l\u2019\u00e9loignement \u00e0 l\u2019h\u00f4pital psychiatrique qui \u00e9tait\nprivil\u00e9gi\u00e9. L\u2019action de la ligue s\u2019inscrivait alors dans un courant qui \u00e9tait\nconsid\u00e9r\u00e9 comme subversif. On ne peut<\/p>\n\n\n\n<p>que se r\u00e9jouir de l\u2019\u00e9volution qui s\u2019est produite mais il faut\nrester vigilant car apparaissent de nouvelles formes d\u2019exclusion.<\/p>\n\n\n\n<ul>\n<li><strong>Une prise en charge de qualit\u00e9 accessible \u00e0 tous :<\/strong><\/li>\n<\/ul>\n\n\n\n<p>Les maladies mentales entra\u00eenent souvent une diminution des\nmoyens financiers des patients. Cela a toujours \u00e9t\u00e9 une pr\u00e9occupation pour la\nLigue de rendre les soins accessibles \u00e0 tous. De nos jours outre les dons\n(d\u00e9ductibles du revenu imposable) ceci est rendu possible par des conventions\navec le minist\u00e8re de la sant\u00e9 et avec la Caisse Nationale de Sant\u00e9. Nous avons\naussi \u00e0 c\u0153ur d\u2019offrir la meilleure qualit\u00e9 aussi bien au niveau des prises en\ncharge que des locaux.<\/p>\n\n\n\n<ul>\n<li><strong>Le travail en \u00e9quipe pluridisciplinaire :<\/strong><\/li>\n<\/ul>\n\n\n\n<p>Depuis l\u2019origine la Ligue Luxembourgeoise d\u2019Hygi\u00e8ne Mentale\ns\u2019est souci\u00e9e de fournir un cadre hors de l\u2019h\u00f4pital \u00e0 cette approche. En effet\nles troubles psychiques sont li\u00e9s \u00e0 de nombreux probl\u00e8mes dans diff\u00e9rents\ndomaines et une prise en charge int\u00e9gr\u00e9e par une \u00e9quipe comportant diff\u00e9rents\nprofessionnels est plus efficace que des actions de soins juxtapos\u00e9es.\nActuellement ces professionnels sont psychiatres, psychologues, p\u00e9dagogues,\npsychomotriciens, assistants sociaux, infirmiers, ergoth\u00e9rapeutes,\nart-th\u00e9rapeutes, \u00e9ducateurs, secr\u00e9taires, secr\u00e9taires-comptables.<\/p>\n\n\n\n<hr class=\"wp-block-separator has-css-opacity\"\/>\n\n\n\n<h4 class=\"wp-block-heading\"><strong>La Ligue\naujourd\u2019hui<\/strong><\/h4>\n\n\n\n<figure class=\"wp-block-image size-large\"><img loading=\"lazy\" decoding=\"async\" width=\"1024\" height=\"900\" src=\"http:\/\/www.llhm.lu\/wp-content\/uploads\/organigramme-des-services-LLHM-1024x900.jpg\" alt=\"\" class=\"wp-image-1551\" srcset=\"http:\/\/www.llhm.lu\/wp-content\/uploads\/organigramme-des-services-LLHM-1024x900.jpg 1024w, http:\/\/www.llhm.lu\/wp-content\/uploads\/organigramme-des-services-LLHM-300x264.jpg 300w, http:\/\/www.llhm.lu\/wp-content\/uploads\/organigramme-des-services-LLHM-150x132.jpg 150w, http:\/\/www.llhm.lu\/wp-content\/uploads\/organigramme-des-services-LLHM-1536x1350.jpg 1536w, http:\/\/www.llhm.lu\/wp-content\/uploads\/organigramme-des-services-LLHM-2048x1800.jpg 2048w\" sizes=\"(max-width: 1024px) 100vw, 1024px\" \/><\/figure>\n\n\n\n<p>La Ligue Luxembourgeoise d\u2019Hygi\u00e8ne Mentale a.s.b.l. souhaite\noffrir \u00e0 toute personne souffrant de difficult\u00e9s psychologiques ou de troubles\npsychiatriques une prise en charge de qualit\u00e9 \u00e0 travers l&#8217;\u00e9coute, le soutien et\nl\u2019accompagnement.<\/p>\n\n\n\n<p>Elle s\u2019efforce d\u2019assurer les meilleurs soins possibles et\nsoutient une meilleure int\u00e9gration sociale des personnes souffrant de troubles\npsychiatriques.<\/p>\n\n\n\n<p>La Ligue se mobilise pour garder une offre de soins accessible\n\u00e0 chacun quelles que soient ses ressources.<\/p>\n\n\n\n<p>La priorit\u00e9 de la Ligue a toujours \u00e9t\u00e9 de placer au c\u0153ur de\nson travail et de sa r\u00e9flexion les int\u00e9r\u00eats et les besoins de nos usagers.<\/p>\n\n\n\n<p>Les offres pour le public sont organis\u00e9es autour de 3 p\u00f4les:<\/p>\n\n\n\n<ul>\n<li>Information\/Pr\u00e9vention\/Formations<\/li>\n\n\n\n<li>Insertion<\/li>\n\n\n\n<li>Traitement<\/li>\n<\/ul>\n\n\n\n<p>Ensemble, gr\u00e2ce \u00e0 l\u2019expertise de ses \u00e9quipes et de ses\nusagers, elle vise l\u2019\u00e9panouissement de tous malgr\u00e9 les difficult\u00e9s que peuvent\nengendrer les maladies psychiques.<\/p>\n\n\n\n<hr class=\"wp-block-separator has-css-opacity\"\/>\n\n\n\n<blockquote class=\"wp-block-quote\">\n<p><strong>\u201c \u00c9couter avec compassion, c&#8217;est \u00e9couter avec la volont\u00e9 de soulager l&#8217;autre de sa souffrance, sans le juger ni chercher la dispute \u201d<\/strong><\/p>\n<\/blockquote>\n\n\n\n<p><\/p>\n","protected":false},"excerpt":{"rendered":"<p>La Ligue Luxembourgeoise d\u2019Hygi\u00e8ne Mentale est une asbl cr\u00e9\u00e9e en 1956 et active dans le domaine de la psychiatrie extra-hospitali\u00e8re. Elle regroupe des structures anciennement connues sous les noms de Centre de Sant\u00e9 Mentale, Centre Kompass, CIP\u2026. Elle est conventionn\u00e9e avec le Minist\u00e8re de la Sant\u00e9 et le Minist\u00e8re de la S\u00e9curit\u00e9 sociale. Elle b\u00e9n\u00e9ficie <a href=\"http:\/\/www.llhm.lu\/?page_id=1031\" rel=\"nofollow\"><span class=\"sr-only\">Read more about L&#8217;ASBL<\/span>[&hellip;]<\/a><\/p>\n","protected":false},"author":1,"featured_media":0,"parent":0,"menu_order":0,"comment_status":"closed","ping_status":"closed","template":"","meta":{"footnotes":""},"_links":{"self":[{"href":"http:\/\/www.llhm.lu\/index.php?rest_route=\/wp\/v2\/pages\/1031"}],"collection":[{"href":"http:\/\/www.llhm.lu\/index.php?rest_route=\/wp\/v2\/pages"}],"about":[{"href":"http:\/\/www.llhm.lu\/index.php?rest_route=\/wp\/v2\/types\/page"}],"author":[{"embeddable":true,"href":"http:\/\/www.llhm.lu\/index.php?rest_route=\/wp\/v2\/users\/1"}],"replies":[{"embeddable":true,"href":"http:\/\/www.llhm.lu\/index.php?rest_route=%2Fwp%2Fv2%2Fcomments&post=1031"}],"version-history":[{"count":7,"href":"http:\/\/www.llhm.lu\/index.php?rest_route=\/wp\/v2\/pages\/1031\/revisions"}],"predecessor-version":[{"id":1552,"href":"http:\/\/www.llhm.lu\/index.php?rest_route=\/wp\/v2\/pages\/1031\/revisions\/1552"}],"wp:attachment":[{"href":"http:\/\/www.llhm.lu\/index.php?rest_route=%2Fwp%2Fv2%2Fmedia&parent=1031"}],"curies":[{"name":"wp","href":"https:\/\/api.w.org\/{rel}","templated":true}]}}